{"id":106,"date":"2018-09-20T15:38:27","date_gmt":"2018-09-20T15:38:27","guid":{"rendered":"http:\/\/acc-cca.ca\/?page_id=106"},"modified":"2024-10-08T16:02:06","modified_gmt":"2024-10-08T16:02:06","slug":"le-prix-gertrude-j-robinson","status":"publish","type":"page","link":"https:\/\/acc-cca.ca\/index.php\/prizes-prix\/le-prix-gertrude-j-robinson\/","title":{"rendered":"Le prix Gertrude J. Robinson Book Prize"},"content":{"rendered":"\n\n\n<figure class=\"wp-block-image size-large\"><img decoding=\"async\" loading=\"lazy\" width=\"1024\" height=\"791\" src=\"https:\/\/acc-cca.ca\/wp-content\/uploads\/2023\/11\/Prix-Gertrude-Robinson-Book-Prize-1024x791.png\" alt=\"\" class=\"wp-image-1262\" srcset=\"https:\/\/acc-cca.ca\/wp-content\/uploads\/2023\/11\/Prix-Gertrude-Robinson-Book-Prize-1024x791.png 1024w, https:\/\/acc-cca.ca\/wp-content\/uploads\/2023\/11\/Prix-Gertrude-Robinson-Book-Prize-300x232.png 300w, https:\/\/acc-cca.ca\/wp-content\/uploads\/2023\/11\/Prix-Gertrude-Robinson-Book-Prize-768x593.png 768w, https:\/\/acc-cca.ca\/wp-content\/uploads\/2023\/11\/Prix-Gertrude-Robinson-Book-Prize-1536x1187.png 1536w, https:\/\/acc-cca.ca\/wp-content\/uploads\/2023\/11\/Prix-Gertrude-Robinson-Book-Prize-700x541.png 700w, https:\/\/acc-cca.ca\/wp-content\/uploads\/2023\/11\/Prix-Gertrude-Robinson-Book-Prize-518x400.png 518w, https:\/\/acc-cca.ca\/wp-content\/uploads\/2023\/11\/Prix-Gertrude-Robinson-Book-Prize.png 1650w\" sizes=\"(max-width: 1024px) 100vw, 1024px\" \/><\/figure>\n\n\n\n<p><\/p>\n\n\n\n<p>The <em>Gertrude J. Robinson Book Prize<\/em> honors the best book published in Canadian communication studies. The prize is awarded annually by the Canadian Communication Association. The Prize is named in honour of the many contributions of Professor Gertrude J. Robinson to the discipline of communication in Canada and around the world. It was initiated in 1999 by Professor David Taras, then President of the Canadian Communication Association.<\/p>\n\n\n\n<h4 class=\"wp-block-heading\">For details on this year&#8217;s submission process and award Terms of Reference, visit &#8220;<a href=\"https:\/\/acc-cca.ca\/index.php\/prizes-prix\/le-prix-gertrude-j-robinson\/how-to-apply\/\" data-type=\"URL\" data-id=\"https:\/\/acc-cca.ca\/index.php\/prizes-prix\/le-prix-gertrude-j-robinson\/how-to-apply\/\">How to Apply<\/a>&#8220;<\/h4>\n\n\n\n<p>See also award <a href=\"http:\/\/acc-cca.ca\/wp-content\/uploads\/2022\/11\/Robinson-prize-guidelines.pdf\">Terms of Reference<\/a> and <a href=\"https:\/\/acc-cca.ca\/index.php\/prizes-prix\/le-prix-gertrude-j-robinson\/past-winners\/\" data-type=\"page\" data-id=\"1430\">Past Winners<\/a><\/p>\n\n\n\n<hr class=\"wp-block-separator has-alpha-channel-opacity\"\/>\n\n\n\n<p>Le prix du livre Gertrude J. Robinson est un prix annuel qui r\u00e9compense le meilleur livre publi\u00e9 dans le domaine des \u00e9tudes en communication canadiennes. Ce prix, d\u00e9cern\u00e9 par l\u2019Association canadienne de communication, a \u00e9t\u00e9 cr\u00e9\u00e9 en l\u2019honneur de la professeure Gertrude J. Robinson de l\u2019Universit\u00e9 McGill pour ses contributions importantes au domaine des \u00e9tudes en communication au Canada et dans le monde. Ce prix a \u00e9t\u00e9 cr\u00e9\u00e9 en 1999 par le professeur David Taras, alors pr\u00e9sident de l\u2019Association canadienne de communication.<\/p>\n\n\n\n<h4 class=\"wp-block-heading\" id=\"tw-target-text\">Pour plus de d\u00e9tails sur le processus de candidature de cette ann\u00e9e et les termes de r\u00e9f\u00e9rence du prix, visitez \u00ab&nbsp;<a href=\"https:\/\/acc-cca.ca\/index.php\/prizes-prix\/le-prix-gertrude-j-robinson\/how-to-apply\/\" data-type=\"page\" data-id=\"1437\">Comment postuler&nbsp;<\/a>\u00bb<\/h4>\n\n\n\n<p>Voir <a href=\"http:\/\/acc-cca.ca\/wp-content\/uploads\/2022\/11\/Robinson-prize-guidelines.pdf\">R\u00e8glements<\/a> et <a href=\"https:\/\/acc-cca.ca\/index.php\/prizes-prix\/le-prix-gertrude-j-robinson\/past-winners\/\" data-type=\"page\" data-id=\"1430\">gagnants pr\u00e9c\u00e9dents<\/a><\/p>\n\n\n\n<p><\/p>\n\n\n\n<p><\/p>\n\n\n\n<p><\/p>\n","protected":false},"excerpt":{"rendered":"<p>The Gertrude J. Robinson Book Prize honors the best book published in Canadian communication studies. The prize is awarded annually by the Canadian Communication Association. The Prize is named in honour of the many contributions of Professor Gertrude J. Robinson to the discipline of communication in Canada and around the world. It was initiated in &hellip; <a href=\"https:\/\/acc-cca.ca\/index.php\/prizes-prix\/le-prix-gertrude-j-robinson\/\" class=\"more-link\">Continue reading <span class=\"screen-reader-text\">Le prix Gertrude J. Robinson Book Prize<\/span> <span class=\"meta-nav\">&rarr;<\/span><\/a><\/p>\n","protected":false},"author":1,"featured_media":0,"parent":13,"menu_order":0,"comment_status":"closed","ping_status":"closed","template":"","meta":{"ub_ctt_via":""},"featured_image_src":null,"_links":{"self":[{"href":"https:\/\/acc-cca.ca\/index.php\/wp-json\/wp\/v2\/pages\/106"}],"collection":[{"href":"https:\/\/acc-cca.ca\/index.php\/wp-json\/wp\/v2\/pages"}],"about":[{"href":"https:\/\/acc-cca.ca\/index.php\/wp-json\/wp\/v2\/types\/page"}],"author":[{"embeddable":true,"href":"https:\/\/acc-cca.ca\/index.php\/wp-json\/wp\/v2\/users\/1"}],"replies":[{"embeddable":true,"href":"https:\/\/acc-cca.ca\/index.php\/wp-json\/wp\/v2\/comments?post=106"}],"version-history":[{"count":69,"href":"https:\/\/acc-cca.ca\/index.php\/wp-json\/wp\/v2\/pages\/106\/revisions"}],"predecessor-version":[{"id":1500,"href":"https:\/\/acc-cca.ca\/index.php\/wp-json\/wp\/v2\/pages\/106\/revisions\/1500"}],"up":[{"embeddable":true,"href":"https:\/\/acc-cca.ca\/index.php\/wp-json\/wp\/v2\/pages\/13"}],"wp:attachment":[{"href":"https:\/\/acc-cca.ca\/index.php\/wp-json\/wp\/v2\/media?parent=106"}],"curies":[{"name":"wp","href":"https:\/\/api.w.org\/{rel}","templated":true}]}}