{"id":109,"date":"2018-09-20T15:39:06","date_gmt":"2018-09-20T15:39:06","guid":{"rendered":"http:\/\/acc-cca.ca\/?page_id=109"},"modified":"2024-10-08T16:19:59","modified_gmt":"2024-10-08T16:19:59","slug":"student-essay-essai-etudiant","status":"publish","type":"page","link":"https:\/\/acc-cca.ca\/index.php\/prizes-prix\/student-essay-essai-etudiant\/","title":{"rendered":"Prix de l&#8217;ACC pour le meilleur essai \u00e9tudiant \u2022 CCA Prize for Outstanding Student Essay"},"content":{"rendered":"\n<p>L&#8217;Association canadienne de communication parraine g\u00e9n\u00e9reusement un prix mon\u00e9taire annuel pour un essai exceptionnel d&#8217;un.e \u00e9tudiant.e de 2e ou 3e cycle. L&#8217;auteur.e gagnant.e devra fournir une version abr\u00e9g\u00e9e ou une copie int\u00e9grale de l&#8217;article gagnant pour publication sur le site web de l&#8217;ACC, ainsi qu&#8217;une biographie et un r\u00e9sum\u00e9. Le ou la gagnant.e sera annonc\u00e9.e lors de la conf\u00e9rence annuelle de l&#8217;ACC.<\/p>\n\n\n\n<h4 class=\"wp-block-heading\" id=\"tw-target-text\"><strong>Pour plus de d\u00e9tails sur le processus de candidature de cette ann\u00e9e et les termes de r\u00e9f\u00e9rence du prix, visitez \u00ab&nbsp;<a href=\"https:\/\/acc-cca.ca\/index.php\/prizes-prix\/student-essay-essai-etudiant\/how-to-apply\/\" data-type=\"URL\" data-id=\"https:\/\/acc-cca.ca\/index.php\/prizes-prix\/student-essay-essai-etudiant\/how-to-apply\/\" target=\"_blank\" rel=\"noreferrer noopener\">Comment postuler&nbsp;<\/a>\u00bb<\/strong><\/h4>\n\n\n\n<hr class=\"wp-block-separator has-css-opacity\"\/>\n\n\n\n<p>The Canadian Communication Association generously sponsors an annual cash prize for an outstanding graduate student essay. Winning authors will be expected to provide an abridged version or full copy of the winning paper for publication on the CCA website, along with a bio and an abstract. The prize winner will be announced at the CCA annual conference.<\/p>\n\n\n\n<h4 class=\"wp-block-heading\"><strong>For details on this year&#8217;s submission process and award Terms of Reference, visit &#8220;<a href=\"https:\/\/acc-cca.ca\/index.php\/prizes-prix\/student-essay-essai-etudiant\/how-to-apply\/\" data-type=\"URL\" data-id=\"https:\/\/acc-cca.ca\/index.php\/prizes-prix\/student-essay-essai-etudiant\/how-to-apply\/\" target=\"_blank\" rel=\"noreferrer noopener\">How to Apply<\/a>&#8220;<\/strong><\/h4>\n","protected":false},"excerpt":{"rendered":"<p>L&#8217;Association canadienne de communication parraine g\u00e9n\u00e9reusement un prix mon\u00e9taire annuel pour un essai exceptionnel d&#8217;un.e \u00e9tudiant.e de 2e ou 3e cycle. L&#8217;auteur.e gagnant.e devra fournir une version abr\u00e9g\u00e9e ou une copie int\u00e9grale de l&#8217;article gagnant pour publication sur le site web de l&#8217;ACC, ainsi qu&#8217;une biographie et un r\u00e9sum\u00e9. Le ou la gagnant.e sera annonc\u00e9.e &hellip; <a href=\"https:\/\/acc-cca.ca\/index.php\/prizes-prix\/student-essay-essai-etudiant\/\" class=\"more-link\">Continue reading <span class=\"screen-reader-text\">Prix de l&#8217;ACC pour le meilleur essai \u00e9tudiant \u2022 CCA Prize for Outstanding Student Essay<\/span> <span class=\"meta-nav\">&rarr;<\/span><\/a><\/p>\n","protected":false},"author":1,"featured_media":0,"parent":13,"menu_order":0,"comment_status":"closed","ping_status":"closed","template":"","meta":{"ub_ctt_via":""},"featured_image_src":null,"_links":{"self":[{"href":"https:\/\/acc-cca.ca\/index.php\/wp-json\/wp\/v2\/pages\/109"}],"collection":[{"href":"https:\/\/acc-cca.ca\/index.php\/wp-json\/wp\/v2\/pages"}],"about":[{"href":"https:\/\/acc-cca.ca\/index.php\/wp-json\/wp\/v2\/types\/page"}],"author":[{"embeddable":true,"href":"https:\/\/acc-cca.ca\/index.php\/wp-json\/wp\/v2\/users\/1"}],"replies":[{"embeddable":true,"href":"https:\/\/acc-cca.ca\/index.php\/wp-json\/wp\/v2\/comments?post=109"}],"version-history":[{"count":33,"href":"https:\/\/acc-cca.ca\/index.php\/wp-json\/wp\/v2\/pages\/109\/revisions"}],"predecessor-version":[{"id":1514,"href":"https:\/\/acc-cca.ca\/index.php\/wp-json\/wp\/v2\/pages\/109\/revisions\/1514"}],"up":[{"embeddable":true,"href":"https:\/\/acc-cca.ca\/index.php\/wp-json\/wp\/v2\/pages\/13"}],"wp:attachment":[{"href":"https:\/\/acc-cca.ca\/index.php\/wp-json\/wp\/v2\/media?parent=109"}],"curies":[{"name":"wp","href":"https:\/\/api.w.org\/{rel}","templated":true}]}}