{"id":11,"date":"2018-07-18T19:34:43","date_gmt":"2018-07-18T19:34:43","guid":{"rendered":"http:\/\/acc-cca.ca\/?page_id=11"},"modified":"2024-06-24T00:24:30","modified_gmt":"2024-06-24T00:24:30","slug":"blank","status":"publish","type":"page","link":"https:\/\/acc-cca.ca\/","title":{"rendered":"About"},"content":{"rendered":"<h4>Founded in 1980, the CCA is a national, bilingual organization that brings together teachers, researchers, and professionals from the public and private sectors to promote the investigation of communication, media and technology-relevant issues in Canada, and around the world. CCA members conduct, publish and publicize research in many <strong><a href=\"https:\/\/acc-cca.ca\/index.php\/research-topic-areas\/\" data-type=\"page\" data-id=\"778\">topic areas<\/a><\/strong>.<\/h4>\n<div><\/div>\n<div>\n<hr \/>\n<\/div>\n<div><\/div>\n<h4><span style=\"color: #000000;\">Fond\u00e9e en 1980, l&#8217;ACC est une organisation nationale bilingue qui rassemble des professeur.e.s, des chercheur.e.s et des professionnel.le.s des secteurs public et priv\u00e9 pour promouvoir l&#8217;\u00e9tude des enjeux de la communication, des m\u00e9dias et de la technologie au Canada et dans le monde. Les membres de l&#8217;ACC m\u00e8nent, publient et font conna\u00eetre des recherches dans de nombreux<\/span> <a href=\"https:\/\/acc-cca.ca\/index.php\/research-topic-areas\/\" target=\"_blank\" rel=\"noopener\">domaines d&#8217;int\u00e9r\u00eat<\/a>.<\/h4>\n","protected":false},"excerpt":{"rendered":"<p>Founded in 1980, the CCA is a national, bilingual organization that brings together teachers, researchers, and professionals from the public and private sectors to promote the investigation of communication, media and technology-relevant issues in Canada, and around the world. CCA members conduct, publish and publicize research in many topic areas. Fond\u00e9e en 1980, l&#8217;ACC est &hellip; <a href=\"https:\/\/acc-cca.ca\/\" class=\"more-link\">Continue reading <span class=\"screen-reader-text\">About<\/span> <span class=\"meta-nav\">&rarr;<\/span><\/a><\/p>\n","protected":false},"author":1,"featured_media":0,"parent":0,"menu_order":0,"comment_status":"closed","ping_status":"closed","template":"","meta":{"ub_ctt_via":""},"featured_image_src":null,"_links":{"self":[{"href":"https:\/\/acc-cca.ca\/index.php\/wp-json\/wp\/v2\/pages\/11"}],"collection":[{"href":"https:\/\/acc-cca.ca\/index.php\/wp-json\/wp\/v2\/pages"}],"about":[{"href":"https:\/\/acc-cca.ca\/index.php\/wp-json\/wp\/v2\/types\/page"}],"author":[{"embeddable":true,"href":"https:\/\/acc-cca.ca\/index.php\/wp-json\/wp\/v2\/users\/1"}],"replies":[{"embeddable":true,"href":"https:\/\/acc-cca.ca\/index.php\/wp-json\/wp\/v2\/comments?post=11"}],"version-history":[{"count":30,"href":"https:\/\/acc-cca.ca\/index.php\/wp-json\/wp\/v2\/pages\/11\/revisions"}],"predecessor-version":[{"id":1561,"href":"https:\/\/acc-cca.ca\/index.php\/wp-json\/wp\/v2\/pages\/11\/revisions\/1561"}],"wp:attachment":[{"href":"https:\/\/acc-cca.ca\/index.php\/wp-json\/wp\/v2\/media?parent=11"}],"curies":[{"name":"wp","href":"https:\/\/api.w.org\/{rel}","templated":true}]}}