{"id":111,"date":"2018-09-20T15:39:46","date_gmt":"2018-09-20T15:39:46","guid":{"rendered":"http:\/\/acc-cca.ca\/?page_id=111"},"modified":"2024-10-08T16:03:15","modified_gmt":"2024-10-08T16:03:15","slug":"mahmoud-eid-graduate-prize-prix-mahmoud-eid-detudes-superieures","status":"publish","type":"page","link":"https:\/\/acc-cca.ca\/index.php\/prizes-prix\/mahmoud-eid-graduate-prize-prix-mahmoud-eid-detudes-superieures\/","title":{"rendered":"Mahmoud Eid Graduate Prize \u2022 Prix Mahmoud Eid"},"content":{"rendered":"\n<p>The <strong>Mahmoud Eid Graduate Prize<\/strong> is sponsored by the family of the late Dr. Mahmoud Eid to honour his internationally recognized research investigating media, ethics, and diversity in Canada.<\/p>\n\n\n\n<h4 class=\"wp-block-heading\"><strong>For details on this year&#8217;s submission process and award Terms of Reference, visit &#8220;<a rel=\"noreferrer noopener\" href=\"https:\/\/acc-cca.ca\/index.php\/prizes-prix\/mahmoud-eid-graduate-prize-prix-mahmoud-eid-detudes-superieures\/how-to-apply\/\" data-type=\"URL\" data-id=\"https:\/\/acc-cca.ca\/index.php\/prizes-prix\/mahmoud-eid-graduate-prize-prix-mahmoud-eid-detudes-superieures\/how-to-apply\/\" target=\"_blank\">How to Apply<\/a>&#8220;<\/strong><\/h4>\n\n\n\n<h4 class=\"wp-block-heading\" id=\"tw-target-text\"><strong>Pour plus de d\u00e9tails sur le processus de candidature de cette ann\u00e9e et les termes de r\u00e9f\u00e9rence du prix, visitez \u00ab&nbsp;<a rel=\"noreferrer noopener\" href=\"https:\/\/acc-cca.ca\/index.php\/prizes-prix\/mahmoud-eid-graduate-prize-prix-mahmoud-eid-detudes-superieures\/how-to-apply\/\" data-type=\"URL\" data-id=\"https:\/\/acc-cca.ca\/index.php\/prizes-prix\/mahmoud-eid-graduate-prize-prix-mahmoud-eid-detudes-superieures\/how-to-apply\/\" target=\"_blank\">Comment postuler<\/a>&nbsp;\u00bb<\/strong><\/h4>\n\n\n\n<hr class=\"wp-block-separator has-alpha-channel-opacity\"\/>\n\n\n\n<p>A $500 award is presented to the best graduate-level (Master&#8217;s or PhD) student paper submitted to the Canadian Communication Association (CCA) annual conference that focuses on media and diversity in Canada, as it pertains to race, religion, and\/or Indigeneity. The award is offered until at least 2025 and will then be subject to review by the CCA and representatives of the Eid estate. In the event that the funding is not awarded in one year, the funds will be carried over to the subsequent year.<\/p>\n\n\n\n<p><strong>Purpose<\/strong><\/p>\n\n\n\n<ul>\n<li>Recognize and honour the most promising graduate-level research investigating media and diversity in Canada;<\/li>\n\n\n\n<li>Promote scholarly excellence in the fields of communications, culture, and media studies;<\/li>\n\n\n\n<li>Raise the profile of graduate-level research activity investigating media and diversity in Canada;<\/li>\n\n\n\n<li>Stimulate advanced graduate-level research to enhance dialogue regarding the intersection between media and race, religion and\/or Indigeneity;&nbsp;<\/li>\n\n\n\n<li>Promote a new generation of researchers working on issues of relevance to media ethics and accountability.<\/li>\n<\/ul>\n\n\n\n<p><strong>Description of the award<\/strong><\/p>\n\n\n\n<ul>\n<li>A $500 monetary prize;<\/li>\n\n\n\n<li>Opportunity to present the winning paper in English or French at the CCA\u2019s annual conference as part of the regular program schedule (NOTE:<em> The award does not cover the costs incurred by the winner(s) to attend and participate in the conference<\/em>); <\/li>\n\n\n\n<li>Publication of the winning paper in the <em>Global Media Journal \u2013 Canadian Editio<\/em>n in a special section. <\/li>\n<\/ul>\n\n\n\n<hr class=\"wp-block-separator has-css-opacity\"\/>\n\n\n\n<p>Le <strong>prix Mahmoud Eid <\/strong>est parrain\u00e9 par la famille du regrett\u00e9 professeur Mahmoud Eid, dont les recherches sont reconnues \u00e0 l&#8217;\u00e9chelle nationale et internationale. Ce prix honore ses travaux dans le domaine des m\u00e9dias, de l&#8217;\u00e9thique et de la diversit\u00e9 au Canada.<\/p>\n\n\n\n<p>Un prix de 500 $ est d\u00e9cern\u00e9 au meilleur article soumis par un.e \u00e9tudiant.e des \u00e9tudes sup\u00e9rieures (ma\u00eetrise ou doctorat) au colloque annuel de l&#8217;Association canadienne de communication (ACC), portant sur les m\u00e9dias et la diversit\u00e9 raciale, religieuse et\/ou autochtone au Canada.&nbsp;Le prix est offert jusqu&#8217;en 2025, date \u00e0 laquelle le financement sera revu par l\u2019ACC et les repr\u00e9sentants de la succession du professeur Eid.&nbsp;Dans le cas o\u00f9 le financement n\u2019est pas accord\u00e9 au cours d\u2019une ann\u00e9e, les fonds seront report\u00e9s \u00e0 l\u2019ann\u00e9e suivante.<\/p>\n\n\n\n<p><strong>Objectif<\/strong><\/p>\n\n\n\n<ul>\n<li>Reconna\u00eetre et honorer les recherches les plus prometteuses aux cycles sup\u00e9rieurs portant sur les m\u00e9dias et la diversit\u00e9 au Canada;<\/li>\n\n\n\n<li>Promouvoir l\u2019excellence acad\u00e9mique dans les domaines de la communication, de la culture et des \u00e9tudes m\u00e9diatiques;<\/li>\n\n\n\n<li>Rehausser le profil de recherche aux cycles sup\u00e9rieurs des questions entourant les m\u00e9dias et la diversit\u00e9 au Canada;<\/li>\n\n\n\n<li>Stimuler la recherche au niveau des \u00e9tudes sup\u00e9rieures pour am\u00e9liorer le dialogue sur la relation entre les m\u00e9dias et les questions de diversit\u00e9 raciale, religieuse et\/ou autochtone;<\/li>\n\n\n\n<li>Promouvoir une nouvelle g\u00e9n\u00e9ration de chercheur.e.s travaillant sur des questions li\u00e9es \u00e0 l\u2019\u00e9thique et \u00e0 la responsabilit\u00e9 des m\u00e9dias.<\/li>\n<\/ul>\n\n\n\n<p><strong>Description du prix<\/strong><\/p>\n\n\n\n<ul>\n<li>Un prix mon\u00e9taire de 500 $;<\/li>\n\n\n\n<li>Une occasion de pr\u00e9senter en anglais ou en fran\u00e7ais l&#8217;article de recherche gagnant lors du colloque annuel de l\u2019ACC dans le cadre du programme r\u00e9gulier <em>(NOTE : le prix ne couvre pas les co\u00fbts encourus par le \/ les gagnant (s) pour participer \u00e0 la conf\u00e9rence)<\/em>; <\/li>\n\n\n\n<li>Publication de l&#8217;article gagnant dans une section sp\u00e9ciale du <em>Global Media Journal<\/em> <em>&#8211; Canadian Edition<\/em>.<\/li>\n<\/ul>\n\n\n\n<p><\/p>\n","protected":false},"excerpt":{"rendered":"<p>The Mahmoud Eid Graduate Prize is sponsored by the family of the late Dr. Mahmoud Eid to honour his internationally recognized research investigating media, ethics, and diversity in Canada. For details on this year&#8217;s submission process and award Terms of Reference, visit &#8220;How to Apply&#8220; Pour plus de d\u00e9tails sur le processus de candidature de &hellip; <a href=\"https:\/\/acc-cca.ca\/index.php\/prizes-prix\/mahmoud-eid-graduate-prize-prix-mahmoud-eid-detudes-superieures\/\" class=\"more-link\">Continue reading <span class=\"screen-reader-text\">Mahmoud Eid Graduate Prize \u2022 Prix Mahmoud Eid<\/span> <span class=\"meta-nav\">&rarr;<\/span><\/a><\/p>\n","protected":false},"author":1,"featured_media":0,"parent":13,"menu_order":0,"comment_status":"closed","ping_status":"closed","template":"","meta":{"ub_ctt_via":""},"featured_image_src":null,"_links":{"self":[{"href":"https:\/\/acc-cca.ca\/index.php\/wp-json\/wp\/v2\/pages\/111"}],"collection":[{"href":"https:\/\/acc-cca.ca\/index.php\/wp-json\/wp\/v2\/pages"}],"about":[{"href":"https:\/\/acc-cca.ca\/index.php\/wp-json\/wp\/v2\/types\/page"}],"author":[{"embeddable":true,"href":"https:\/\/acc-cca.ca\/index.php\/wp-json\/wp\/v2\/users\/1"}],"replies":[{"embeddable":true,"href":"https:\/\/acc-cca.ca\/index.php\/wp-json\/wp\/v2\/comments?post=111"}],"version-history":[{"count":33,"href":"https:\/\/acc-cca.ca\/index.php\/wp-json\/wp\/v2\/pages\/111\/revisions"}],"predecessor-version":[{"id":1504,"href":"https:\/\/acc-cca.ca\/index.php\/wp-json\/wp\/v2\/pages\/111\/revisions\/1504"}],"up":[{"embeddable":true,"href":"https:\/\/acc-cca.ca\/index.php\/wp-json\/wp\/v2\/pages\/13"}],"wp:attachment":[{"href":"https:\/\/acc-cca.ca\/index.php\/wp-json\/wp\/v2\/media?parent=111"}],"curies":[{"name":"wp","href":"https:\/\/api.w.org\/{rel}","templated":true}]}}