{"id":113,"date":"2018-09-20T15:40:37","date_gmt":"2018-09-20T15:40:37","guid":{"rendered":"http:\/\/acc-cca.ca\/?page_id=113"},"modified":"2024-10-08T16:27:39","modified_gmt":"2024-10-08T16:27:39","slug":"prix-crtc-prize","status":"publish","type":"page","link":"https:\/\/acc-cca.ca\/index.php\/prizes-prix\/prix-crtc-prize\/","title":{"rendered":"Prix CRTC-ACC \/ CRTC-CCA Prizes"},"content":{"rendered":"\n<p>The CRTC is proud to co-sponsor the CRTC-CCA Prize for Excellence in Policy Research<strong> <\/strong>with the Canadian Communication Association (CCA). The Prize was launched in 2015 to encourage a new generation of academics to contribute to Canada\u2019s public policy development through research on emerging issues in information and communication studies.<\/p>\n\n\n\n<p>The Prize offers monetary awards in three categories:<\/p>\n\n\n\n<ul>\n<li>PhD candidates: <strong>$2,500<\/strong><\/li>\n\n\n\n<li>Master\u2019s degree candidates: <strong>$1,500<\/strong><\/li>\n\n\n\n<li>Postdoctoral researchers: <strong>$1,000<\/strong><\/li>\n<\/ul>\n\n\n\n<h4 class=\"wp-block-heading\"><strong>For details on this year&#8217;s submission process and award Terms of Reference, visit &#8220;<a rel=\"noreferrer noopener\" href=\"https:\/\/acc-cca.ca\/index.php\/prizes-prix\/prix-crtc-prize\/how-to-apply\/\" data-type=\"URL\" data-id=\"https:\/\/acc-cca.ca\/index.php\/prizes-prix\/prix-crtc-prize\/how-to-apply\/\" target=\"_blank\">How to Apply<\/a>&#8220;<\/strong><\/h4>\n\n\n\n<hr class=\"wp-block-separator has-alpha-channel-opacity\"\/>\n\n\n\n<p>Le CRTC est fier de coparrainer le <strong>Prix d\u2019excellence du CRTC-ACC en recherche sur les politiques<\/strong> avec l\u2019Association canadienne de communication (ACC). Le Prix a \u00e9t\u00e9 lanc\u00e9 en 2015 pour encourager une nouvelle g\u00e9n\u00e9ration de chercheuses et de chercheurs \u00e0 contribuer au d\u00e9veloppement de la politique publique au Canada, plus particuli\u00e8rement en ce qui concerne les enjeux \u00e9mergents dans le domaine de l\u2019information et des communications.<\/p>\n\n\n\n<p>Le prix offre des r\u00e9compenses mon\u00e9taires dans trois cat\u00e9gories:<\/p>\n\n\n\n<ul>\n<li>Candidats au doctorat: 2500$<\/li>\n\n\n\n<li>Candidats \u00e0 la ma\u00eetrise: 1500$<\/li>\n\n\n\n<li>Chercheurs postdoctoraux: 1000$<\/li>\n<\/ul>\n\n\n\n<h4 class=\"wp-block-heading\" id=\"tw-target-text\"><strong>Pour plus de d\u00e9tails sur le processus de candidature de cette ann\u00e9e et les termes de r\u00e9f\u00e9rence du prix, visitez \u00ab&nbsp;<a href=\"https:\/\/acc-cca.ca\/index.php\/prizes-prix\/prix-crtc-prize\/how-to-apply\/\" data-type=\"URL\" data-id=\"https:\/\/acc-cca.ca\/index.php\/prizes-prix\/prix-crtc-prize\/how-to-apply\/\" target=\"_blank\" rel=\"noreferrer noopener\">Comment postuler<\/a>&nbsp;\u00bb<\/strong><\/h4>\n\n\n\n<p><\/p>\n","protected":false},"excerpt":{"rendered":"<p>The CRTC is proud to co-sponsor the CRTC-CCA Prize for Excellence in Policy Research with the Canadian Communication Association (CCA). The Prize was launched in 2015 to encourage a new generation of academics to contribute to Canada\u2019s public policy development through research on emerging issues in information and communication studies. The Prize offers monetary awards &hellip; <a href=\"https:\/\/acc-cca.ca\/index.php\/prizes-prix\/prix-crtc-prize\/\" class=\"more-link\">Continue reading <span class=\"screen-reader-text\">Prix CRTC-ACC \/ CRTC-CCA Prizes<\/span> <span class=\"meta-nav\">&rarr;<\/span><\/a><\/p>\n","protected":false},"author":1,"featured_media":0,"parent":13,"menu_order":0,"comment_status":"closed","ping_status":"closed","template":"","meta":{"ub_ctt_via":""},"featured_image_src":null,"_links":{"self":[{"href":"https:\/\/acc-cca.ca\/index.php\/wp-json\/wp\/v2\/pages\/113"}],"collection":[{"href":"https:\/\/acc-cca.ca\/index.php\/wp-json\/wp\/v2\/pages"}],"about":[{"href":"https:\/\/acc-cca.ca\/index.php\/wp-json\/wp\/v2\/types\/page"}],"author":[{"embeddable":true,"href":"https:\/\/acc-cca.ca\/index.php\/wp-json\/wp\/v2\/users\/1"}],"replies":[{"embeddable":true,"href":"https:\/\/acc-cca.ca\/index.php\/wp-json\/wp\/v2\/comments?post=113"}],"version-history":[{"count":60,"href":"https:\/\/acc-cca.ca\/index.php\/wp-json\/wp\/v2\/pages\/113\/revisions"}],"predecessor-version":[{"id":1520,"href":"https:\/\/acc-cca.ca\/index.php\/wp-json\/wp\/v2\/pages\/113\/revisions\/1520"}],"up":[{"embeddable":true,"href":"https:\/\/acc-cca.ca\/index.php\/wp-json\/wp\/v2\/pages\/13"}],"wp:attachment":[{"href":"https:\/\/acc-cca.ca\/index.php\/wp-json\/wp\/v2\/media?parent=113"}],"curies":[{"name":"wp","href":"https:\/\/api.w.org\/{rel}","templated":true}]}}