{"id":1204,"date":"2023-06-08T19:03:01","date_gmt":"2023-06-08T19:03:01","guid":{"rendered":"https:\/\/acc-cca.ca\/?page_id=1204"},"modified":"2024-06-24T18:26:12","modified_gmt":"2024-06-24T18:26:12","slug":"2023-roundup","status":"publish","type":"page","link":"https:\/\/acc-cca.ca\/index.php\/conference\/previous-conference-keynotes-programs\/2023-roundup\/","title":{"rendered":"2023 Roundup"},"content":{"rendered":"\n<p>Dear CCA members,<\/p>\n\n\n\n<p>We wish to thank everyone for their participation to CCA23 at York University last week. It was our first in-person conference since 2019, providing an opportunity for many to reconnect. We were thrilled to witness everyone&#8217;s enthusiasm in sharing their work at CCA. As is the tradition, here is a roundup of our conference this year. <\/p>\n\n\n\n<ul>\n<li>CCA23 annual conference showcased 297 papers, 77 panels, and 15 Roundtables&#8212;434 presenters (!) in total. This was one of our largest annual conference.<\/li>\n\n\n\n<li>I would like to extend, on behalf of everybody at CCA, our deepest appreciation to Faiza Hirji, the Conference Chair and Vice-President, and Anne MacLennan, the Local Arrangements Coordinator and Member-at-large, for their incredible dedication and meticulous efforts in organizing the 2023 CCA.<\/li>\n\n\n\n<li>A warm thank to Dr. Paula Chakravartty (NYU) for delivering the 2023 keynote address \u201c<em>Decolonization and the Contestation of the Global Color Line<\/em>.\u201d<\/li>\n\n\n\n<li>Congratulations to all newly elected members of the Board: Nathan Rambukkana (treasurer); and Milena Droumeva, Kirsten Emiko McAllister and Henry Adam Svec (members-at-large); and graduate student representative Amanda Zanco. A heartfelt thank you to our outgoing Board members : Tamara Shepherd (treasurer), Alison Harvey, Karen Louise Smith and Cheryl Thompson (members-at-large). We thank you for your contributions to CCA over the past years. <\/li>\n\n\n\n<li>Congratulations to CCA\u2019s 2023 annual prize winners for their outstanding work:<\/li>\n\n\n\n<li>Congress-CCA Graduate Merit Awards: Lauren Knight (University of Toronto) <em>Sounding Sidewalks: Historicizing and Theorizing this Medial Zone<\/em>. Shannon Lodoen (University of Waterloo) <em>Analyzing Smartphones as Persuasive Technologies: A Rhetorical Framework<\/em><\/li>\n\n\n\n<li>CCA Outstanding Student Essay Prize: Kit Chokly (McGill) <em>Networked note-taking as feminist research method<\/em><\/li>\n\n\n\n<li>CCA-CRTC Prize: Winner in the MA category: Mandy Maier (Mount Saint Vincent University), <em>Public Warning: A Critical Juncture for Canada\u2019s National Public Alerting System<\/em>; winners in the PhD category : Sydney Forde, Erika Solis and Yasemin Beykont (Pennsylvania State University)<em> Digital Disregard: A Case for Amending Quebec\u2019s Children Advertising Legislation<\/em><\/li>\n\n\n\n<li>Congratulations to all the nominees for the Gertrude J. Robinson Book Prize, and to this year&#8217;s prize winner Jonathan Sterne, for <em>Diminished Faculties: A Political Phenomenology of Impairment<\/em> (Duke University Press).<\/li>\n\n\n\n<li>We are so pleased to announce that the winner of the inaugural Emerging Scholar Book Prize with the CCA has been awarded last week to Est\u00e9e Fresco for her book <em>Red Mitten Nationalism: Sport, Commercialism, and Settler Colonialism in Canada<\/em> (McGill-Queen&#8217;s University Press) <\/li>\n\n\n\n<li>We are excited to see you next year for CCA at Congress 2024, which will be held at McGill University in Montr\u00e9al. <\/li>\n<\/ul>\n\n\n\n<p>&#8211;<\/p>\n\n\n\n<p>Nous souhaitons remercier tout le monde pour leur participation \u00e0 l&#8217;ACC23 \u00e0 l&#8217;Universit\u00e9 York la semaine derni\u00e8re. Il s&#8217;agissait de notre premi\u00e8re conf\u00e9rence en personne depuis 2019, ce qui a permis \u00e0 de nombreuses personnes de reprendre contact. Nous avons \u00e9t\u00e9 ravi.e.s de constater l&#8217;enthousiasme de chacun \u00e0 partager son travail \u00e0 l&#8217;ACC. Comme le veut la tradition, voici un r\u00e9sum\u00e9 de notre conf\u00e9rence de cette ann\u00e9e.&nbsp;<\/p>\n\n\n\n<ul>\n<li>La conf\u00e9rence annuelle a compt\u00e9 297 communications, 77 panels et 15 tables rondes, soit un total de 434 pr\u00e9sentateurs.trices (!). Il s&#8217;agit de l&#8217;un de nos plus grands colloques.<\/li>\n\n\n\n<li>Je tiens \u00e0 exprimer, en notre nom \u00e0 tous, notre profonde gratitude \u00e0 Faiza Hirji, pr\u00e9sidente de la conf\u00e9rence et vice-pr\u00e9sidente, et \u00e0 Anne MacLennan, coordinatrice des arrangements locaux, pour leur incroyable d\u00e9vouement et leurs efforts m\u00e9ticuleux dans l&#8217;organisation de l&#8217;ACC23.<\/li>\n\n\n\n<li>Nous remercions chaleureusement la professeure Paula Chakravartty (NYU) d&#8217;avoir prononc\u00e9 le conf\u00e9rence pl\u00e9ni\u00e8rel de 2023 &#8220;Decolonization and the Contestation of the Global Color Line&#8221;<\/li>\n\n\n\n<li>F\u00e9licitations \u00e0 tous.tes les membres nouvellement \u00e9lu.e.s du conseil d&#8217;administration : Nathan Rambukkana (tr\u00e9sorier), Milena Droumeva, Kirsten Emiko McAllister and Henry Adam Svec (membres) et Amanda Zanco, repr\u00e9sentante des \u00e9tudiant.e.s aux cycles sup\u00e9r. Nous remercions chaleureusement les membres sortantes du conseil d&#8217;administration : Tamara Shepherd (tr\u00e9sori\u00e8re), Alison Harvey, Karen Louise Smith et Cheryl Thompson (membres \u00e0 titre individuel). Nous vous remercions pour votre contribution \u00e0 l&#8217;ACC au cours de ces derni\u00e8res ann\u00e9es.<\/li>\n\n\n\n<li>F\u00e9licitations aux laur\u00e9ats du prix annuel 2023 de l&#8217;ACC :<\/li>\n\n\n\n<li>Prix du m\u00e9rite du Congr\u00e8s-CCA  : Lauren Knight (Universit\u00e9 de Toronto) Sounding Sidewalks : Historiser et th\u00e9oriser cette zone m\u00e9diane. Shannon Lodoen (Universit\u00e9 de Waterloo) Analyzing Smartphones as Persuasive Technologies : Un cadre rh\u00e9torique<\/li>\n\n\n\n<li>Prix de la meilleure communication \u00e9tudiante de l&#8217;ACC : Kit Chokly (McGill) <em>Networked note-taking as feminist research method<\/em><\/li>\n\n\n\n<li>Prix CCA-CRTC : Gagnant dans la cat\u00e9gorie MA : Mandy Maier (Mount Saint Vincent University), Public Warning : A Critical Juncture for Canada&#8217;s National Public Alerting System ; laur\u00e9ats dans la cat\u00e9gorie PhD : Sydney Forde, Erika Solis et Yasemin Beykont (Pennsylvania State University) Digital Disregard : Un argument en faveur de la modification de la l\u00e9gislation qu\u00e9b\u00e9coise sur la publicit\u00e9 destin\u00e9e aux enfants<\/li>\n\n\n\n<li>F\u00e9licitations \u00e0 tou.tes les candidat.e.s au prix du livre Gertrude J. Robinson et au laur\u00e9at de cette ann\u00e9e, Jonathan Sterne, pour <em>Diminished Faculties : A Political Phenomenology of Impairment<\/em> (Duke University Press).<\/li>\n\n\n\n<li>Nous avons le plaisir d&#8217;annoncer que le prix inaugural du Prix du livre de la Rel\u00e8ve de l&#8217;ACC a \u00e9t\u00e9 d\u00e9cern\u00e9 la semaine derni\u00e8re \u00e0 Estee Fresco pour son livre <em>Red Mitten Nationalism: Sport, Commercialism, and Settler Colonialism in Canada<\/em><\/li>\n\n\n\n<li>Au plaisir de vous retrouver l&#8217;ann\u00e9e prochaine au Congr\u00e8s 2024 de l&#8217;ACC, qui se tiendra \u00e0 l&#8217;Universit\u00e9 McGill, \u00e0 Montr\u00e9al.<\/li>\n<\/ul>\n\n\n\n<p><\/p>\n\n\n\n<p><\/p>\n","protected":false},"excerpt":{"rendered":"<p>Dear CCA members, We wish to thank everyone for their participation to CCA23 at York University last week. It was our first in-person conference since 2019, providing an opportunity for many to reconnect. We were thrilled to witness everyone&#8217;s enthusiasm in sharing their work at CCA. As is the tradition, here is a roundup of &hellip; <a href=\"https:\/\/acc-cca.ca\/index.php\/conference\/previous-conference-keynotes-programs\/2023-roundup\/\" class=\"more-link\">Continue reading <span class=\"screen-reader-text\">2023 Roundup<\/span> <span class=\"meta-nav\">&rarr;<\/span><\/a><\/p>\n","protected":false},"author":1,"featured_media":0,"parent":728,"menu_order":0,"comment_status":"closed","ping_status":"closed","template":"","meta":{"ub_ctt_via":""},"featured_image_src":null,"_links":{"self":[{"href":"https:\/\/acc-cca.ca\/index.php\/wp-json\/wp\/v2\/pages\/1204"}],"collection":[{"href":"https:\/\/acc-cca.ca\/index.php\/wp-json\/wp\/v2\/pages"}],"about":[{"href":"https:\/\/acc-cca.ca\/index.php\/wp-json\/wp\/v2\/types\/page"}],"author":[{"embeddable":true,"href":"https:\/\/acc-cca.ca\/index.php\/wp-json\/wp\/v2\/users\/1"}],"replies":[{"embeddable":true,"href":"https:\/\/acc-cca.ca\/index.php\/wp-json\/wp\/v2\/comments?post=1204"}],"version-history":[{"count":7,"href":"https:\/\/acc-cca.ca\/index.php\/wp-json\/wp\/v2\/pages\/1204\/revisions"}],"predecessor-version":[{"id":1212,"href":"https:\/\/acc-cca.ca\/index.php\/wp-json\/wp\/v2\/pages\/1204\/revisions\/1212"}],"up":[{"embeddable":true,"href":"https:\/\/acc-cca.ca\/index.php\/wp-json\/wp\/v2\/pages\/728"}],"wp:attachment":[{"href":"https:\/\/acc-cca.ca\/index.php\/wp-json\/wp\/v2\/media?parent=1204"}],"curies":[{"name":"wp","href":"https:\/\/api.w.org\/{rel}","templated":true}]}}