{"id":1224,"date":"2023-10-13T19:20:57","date_gmt":"2023-10-13T19:20:57","guid":{"rendered":"https:\/\/acc-cca.ca\/?page_id=1224"},"modified":"2024-10-08T13:25:42","modified_gmt":"2024-10-08T13:25:42","slug":"cca-2024-june-18-21-montreal","status":"publish","type":"page","link":"https:\/\/acc-cca.ca\/index.php\/conference\/previous-conference-keynotes-programs\/cca-2024-june-18-21-montreal\/","title":{"rendered":"CCA 2024 \/\/ June 18-21 \/\/ Montr\u00e9al"},"content":{"rendered":"\n<h2 class=\"wp-block-heading\">Conference Round-Up &#8212; Bilan de l&#8217;ACC24<\/h2>\n\n\n\n<p>Dear CCA friends and colleagues,<\/p>\n\n\n\n<p>It was wonderful to see many of you at the Universit\u00e9 de Montr\u00e9al and online this week for CCA24. As in previous years, everyone&#8217;s papers and roundtable discussions were so strong and engaging, congratulations to all! As is the tradition, here is a roundup of our conference this year.<\/p>\n\n\n\n<ul>\n<li>The CCA annual conference showcased 242 papers, 66 panels, and 12 roundtables\u2014and 349 presenters in total.&nbsp;<\/li>\n\n\n\n<li>I would like to extend, on behalf of everybody at CCA, our most sincere appreciation to Faiza Hirji, the Conference Chair and Vice-President, and Mark Lloyd, our Local Arrangements Coordinator for organizing the 2024 CCA with the many challenges that the change of location entailed<\/li>\n\n\n\n<li>Thank you all to those who came to the keynote address Thursday. Our keynote Lisa Parks was so pleased to reconnect with many of you and for your engaging questions after her talk&nbsp;<\/li>\n\n\n\n<li>Congratulations to all newly elected members of the Board: Dr. Nicole Cohen (Vice-president and Conference Chair) Dr. Crystal Chokshi and Dr. Kenneth Werbin (members-at-large); and graduate student representative Anurag. A big thank you to our outgoing Board members: &nbsp;Dr. Anne MacLennan and Dr. Benjamin Woo (members-at-large). We thank you for your contributions to CCA over the past years<\/li>\n<\/ul>\n\n\n\n<p>Congratulations to CCA\u2019s 2024 annual prize winners :<\/p>\n\n\n\n<ul>\n<li>Congratulations to all the nominees for the Gertrude J. Robinson Book Prize, and to this year\u2019s prize winner, Dr. Arseli Dokumaci (Concordia University) for&nbsp;<em>Activist Affordances: How Disabled People Improvise More Habitable Worlds<\/em>, at Duke University Press&nbsp;<\/li>\n\n\n\n<li>Congratulations to all the nominees for the CCA Emerging Scholar Book Prize, and to this year\u2019s prize winner, Dr. Lyndsey P. Beutin (McMaster) for Trafficking in&nbsp;<em>Antiblackness: Modern-Day Slavery, White Indemnity, and Racial Justice<\/em>&nbsp;(Duke University Press)<\/li>\n\n\n\n<li>CCA-CRTC Prize: Winner in the MA category:&nbsp;Christine Rose Cooling, York University for&nbsp;<em>Cultural Policy as the Articulation of Cultural Hegemony: The Nationalist Dreams and Desires of Canada\u2019s Online Streaming Act\u201d<\/em>; winner in the PhD category : Anurag, University of Calgary for \u201c<em>Silencing Bytes: An Investigation into the Intersection of Internet Shutdowns and Misinformation\u201d<\/em><\/li>\n\n\n\n<li>Congress-CCA Graduate Merit Awards: &nbsp;Maya Karanouh, Brock University for&nbsp;<em>Decoding the Author in the Age of Generative AI: Copyright, Ethics, and Litigation&nbsp;<\/em>and&nbsp;Alexandra Borkowski, York University, for&nbsp;<em>Super(human) Radios: Vocal Fictions of the S\u00e9ance<\/em><\/li>\n\n\n\n<li>CCA Outstanding Student Essay Prize: Leslie Salgado Arzuaga, University of Calgary, for &#8220;<em>Democratizing the Technical Code: Recommendations on Public Engagement for Responsible AI in Canada<\/em><\/li>\n\n\n\n<li>Mahmoud Eid Graduate Prize to Leila Almawy, York University for&nbsp;<em>Listed<\/em>&nbsp;<\/li>\n<\/ul>\n\n\n\n<p>CCA25 will be held at George Brown College in Toronto, the Conference committee hopes to see you next year again. As my term as President has come to an end, I wish the new CCA President, Faiza Hirji, and the new CCA Executive and Board every success in the years ahead.&nbsp;<\/p>\n\n\n\n<p>Best regards,&nbsp;<\/p>\n\n\n\n<p>Ghislain Thibault&nbsp;<\/p>\n\n\n\n<p>Past President, Canadian Communication Association&nbsp;<\/p>\n\n\n\n<p>Chers et ch\u00e8res ami.e.s et coll\u00e8gues de l\u2019ACC,&nbsp;<\/p>\n\n\n\n<p>Ce fut un plaisir de vous voir nombreux et nombreuses \u00e0 l&#8217;Universit\u00e9 de Montr\u00e9al et en ligne cette semaine pour l&#8217;ACC24. Comme les ann\u00e9es pr\u00e9c\u00e9dentes, les pr\u00e9sentations de chacun \u00e9taient excellentes et engageantes. Comme le veut la tradition, voici un r\u00e9sum\u00e9 de notre conf\u00e9rence de cette ann\u00e9e.<\/p>\n\n\n\n<ul>\n<li>Le colloque annuel a compt\u00e9 242 communications, 66 panels et 12 tables rondes, et un total de 349 participant.e.s.<\/li>\n\n\n\n<li>Je tiens \u00e0 exprimer, en notre nom \u00e0 tous, notre profonde gratitude \u00e0 Faiza Hirji, organisatrice de la conf\u00e9rence et vice-pr\u00e9sidente, et \u00e0 Mark Lloyd, coordinateur des arrangements locaux, pour leur incroyable d\u00e9vouement et leurs efforts m\u00e9ticuleux dans l\u2019organisation de l\u2019ACC24.<\/li>\n\n\n\n<li>Nous remercions chaleureusement la professeure Lisa Parks d\u2019avoir prononc\u00e9 la conf\u00e9rence pl\u00e9ni\u00e8re de 2024<\/li>\n\n\n\n<li>F\u00e9licitations \u00e0 tous.tes les membres nouvellement \u00e9lu.e.s du conseil d\u2019administration : Nicole Cohen (vice-pr\u00e9sidente et organisatrice de la conf\u00e9rence), Crystal Chokshi et Kenneth Werbin (membres) et Anurag, repr\u00e9sentant des \u00e9tudiant.e.s aux cycles sup\u00e9rieurs. Nous remercions chaleureusement les membres sortantes du conseil d\u2019administration : Anne MacLennan et Benjamin Woo (membres). Nous vous remercions pour votre contribution \u00e0 l\u2019ACC au cours de ces derni\u00e8res ann\u00e9es<\/li>\n\n\n\n<li>F\u00e9licitations aux laur\u00e9ats des prix annuels 2024 de l\u2019ACC :<\/li>\n<\/ul>\n\n\n\n<ul>\n<li>F\u00e9licitations \u00e0 tou.tes les candidat.e.s au prix du livre Gertrude J. Robinson et \u00e0 la laur\u00e9ate de cette ann\u00e9e, Arseli Dokumaci (Concordia University) pour le livre&nbsp;<em>Activist Affordances<\/em>: How Disabled People Improvise More Habitable Worlds, at Duke University Press&nbsp;<\/li>\n\n\n\n<li>F\u00e9licitations \u00e0 tou.tes les candidat.e.s au prix du livre de la r\u00e9l\u00e8ve de l&#8217;ACC et \u00e0 la laur\u00e9ate de cette ann\u00e9e, Lyndsey P. Beutin (McMaster) pour&nbsp;<em>Trafficking in Antiblackness: Modern-Day Slavery, White Indemnity, and Racial Justice<\/em>&nbsp;(Duke University Press)<\/li>\n\n\n\n<li>Prix CCA-CRTC : Gagnante dans la cat\u00e9gorie maitrise : Christine Rose Cooling, York&nbsp;University&nbsp;for&nbsp;<em>Cultural Policy as the Articulation of Cultural Hegemony: The Nationalist Dreams and Desires of Canada\u2019s Online Streaming Act\u201d<\/em>; gagnant dans la cat\u00e9gorie doctorale : Anurag, University of Calgary pour \u201c<em>Silencing Bytes: An Investigation into the Intersection of Internet Shutdowns and Misinformation\u201d<\/em><\/li>\n\n\n\n<li>Prix du m\u00e9rite du Congr\u00e8s-CCA : Maya Karanouh, Brock University for&nbsp;<em>Decoding the Author in the Age of Generative AI: Copyright, Ethics, and Litigation<\/em>&nbsp;et Alexandra Borkowski, York University, for&nbsp;<em>Super(human) Radios: Vocal Fictions of the S\u00e9ance<\/em><\/li>\n\n\n\n<li>Prix de la meilleure communication \u00e9tudiante de l\u2019ACC :&nbsp;&nbsp;Leslie Salgado Arzuaga, University of Calgary, &#8220;<em>Democratizing the Technical Code: Recommendations on Public Engagement for Responsible AI in Canada<\/em><\/li>\n\n\n\n<li>Mahmoud Eid Graduate Prize : Leila Almawy,<em>&nbsp;<\/em>York University<em>&nbsp;<\/em>pour<em>&nbsp;Listed&nbsp;<\/em><\/li>\n<\/ul>\n\n\n\n<p>L\u2019ACC2025 se tiendra au George Brown College, \u00e0 Toronto.&nbsp;Mon mandat de pr\u00e9sident de l\u2019ACC arrivant \u00e0 son terme, je souhaite \u00e0 la nouvelle pr\u00e9sidente de l&#8217;ACC, Faiza Hirji, ainsi qu&#8217;au nouveau conseil d&#8217;administration de l&#8217;ACC, beaucoup de succ\u00e8s pour les ann\u00e9es \u00e0 venir.&nbsp;<\/p>\n\n\n\n<p>Cordialement,<\/p>\n\n\n\n<p>Ghislain Thibault<\/p>\n\n\n\n<p>Ex-Pr\u00e9sident, Association canadienne de communication&nbsp;<\/p>\n\n\n\n<hr class=\"wp-block-separator has-alpha-channel-opacity\"\/>\n\n\n\n<h2 class=\"wp-block-heading\">Conference Information<\/h2>\n\n\n\n<p>CCA 2024 schedule: <\/p>\n\n\n\n<ul>\n<li><a rel=\"noreferrer noopener\" href=\"https:\/\/www.openconf.org\/cca2024\/modules\/request.php?module=oc_program&amp;action=program.php&amp;p=at_a_glance\" data-type=\"URL\" data-id=\"https:\/\/www.openconf.org\/cca2024\/modules\/request.php?module=oc_program&amp;action=program.php&amp;p=at_a_glance\" target=\"_blank\">At-a-Glance Schedule<\/a><\/li>\n\n\n\n<li><a rel=\"noreferrer noopener\" href=\"https:\/\/www.openconf.org\/cca2024\/modules\/request.php?module=oc_program&amp;action=program.php&amp;p=program\" data-type=\"URL\" data-id=\"https:\/\/www.openconf.org\/cca2024\/modules\/request.php?module=oc_program&amp;action=program.php&amp;p=program\" target=\"_blank\">Full Schedule<\/a><\/li>\n\n\n\n<li><a rel=\"noreferrer noopener\" href=\"https:\/\/www.openconf.org\/cca2024\/mobile\/\" data-type=\"URL\" data-id=\"https:\/\/www.openconf.org\/cca2024\/mobile\/\" target=\"_blank\">Mobile Schedul<\/a><a href=\"https:\/\/www.openconf.org\/cca2024\/mobile\/\" data-type=\"URL\" data-id=\"https:\/\/www.openconf.org\/cca2024\/mobile\/\">e<\/a><\/li>\n<\/ul>\n\n\n\n<p><strong>CCA Official program &#8211; ACC programme officiel (Revised June 6)<\/strong><\/p>\n\n\n\n<p><\/p>\n\n\n\n<div class=\"wp-block-file\"><object class=\"wp-block-file__embed\" data=\"https:\/\/acc-cca.ca\/wp-content\/uploads\/2024\/06\/CCA-2024V2.pdf\" type=\"application\/pdf\" style=\"width:100%;height:600px\" aria-label=\"Embed of CCA-2024V2.\"><\/object><a id=\"wp-block-file--media-c117dff0-6d7c-479c-8795-9e941dd4413b\" href=\"https:\/\/acc-cca.ca\/wp-content\/uploads\/2024\/06\/CCA-2024V2.pdf\">CCA-2024V2<\/a><a href=\"https:\/\/acc-cca.ca\/wp-content\/uploads\/2024\/06\/CCA-2024V2.pdf\" class=\"wp-block-file__button wp-element-button\" download aria-describedby=\"wp-block-file--media-c117dff0-6d7c-479c-8795-9e941dd4413b\">Download<\/a><\/div>\n\n\n\n<p><strong>UPDATE MAY 31 2024 &#8211; A LETTER FROM THE BOARD OF DIRECTORS OF CCA <\/strong><\/p>\n\n\n\n<p><\/p>\n\n\n\n<p>Dear CCA 2024 participants,&nbsp;<\/p>\n\n\n\n<p>Thank you all for your patience with our decision regarding the current situation at McGill.&nbsp;<\/p>\n\n\n\n<p>As we mentioned in our last communication from May 21st, McGill has been experiencing the ongoing strike of the McGill Law Professors Union (since April 24), as well as an encampment of pro-Palestinian protesters (since April 29). Since we last wrote, neither group has been able to find a resolution with the McGill administration.&nbsp;<\/p>\n\n\n\n<p>The Board of Directors has held two emergency meetings in order to discuss our options. Our President, Conference Chair and Vice-President and Local Arrangements Coordinator have also been in constant dialogue and connection with staff of the Federation, other academic associations and faculty members at McGill. We considered several options, ranging from staying at McGill to moving entirely online or canceling CCA24 entirely. After much deliberation, the Board concluded that the current circumstances at McGill University would not allow us to hold the kind of conference that our membership expects. At the same time, we also recognized that many of our members have already booked transportation and accommodation in Montreal and that some \u2013 especially graduate students \u2013 rely on CCA as a significant platform for scholarly and professional development. While differing opinions within our board were expressed, ultimately the majority of members opted for a solution that we hope will allow for an in-person CCA while avoiding the potential challenges posed by attendance at McGill. <strong>We have therefore booked rooms on the Universit\u00e9 de Montr\u00e9al campus<\/strong>, located about 40 minutes away from McGill University and readily accessible via public transit.&nbsp;<\/p>\n\n\n\n<p><strong>CCA24 will therefore take place in Montr\u00e9al, June 18-21, 2024, in rooms booked on the Universit\u00e9 de Montr\u00e9al campus<\/strong>. While we will not be meeting on McGill grounds for our sessions, we are maintaining our participation in the 2024 Congress of the Humanities and Social Sciences of Canada. Our fee structure is not impacted by this change, and we ask that you register to both Congress and pay your CCA membership fees. Conference and membership fees are essential in order for our annual conference to take place, especially in a context of increasing costs linked to the change of venue.&nbsp;<\/p>\n\n\n\n<p>As was already offered, if you prefer to deliver your conference presentation over Zoom, this option is feasible: please contact our Conference Chair, Faiza Hirji, and she will adjust the program accordingly. Finally, if you choose to withdraw from the conference at this point, you may do so here: <a href=\"https:\/\/can01.safelinks.protection.outlook.com\/?url=https%3A%2F%2Fwww.openconf.org%2Fcca2024%2Fauthor%2Fwithdraw.php&amp;data=05%7C02%7Cghislain.thibault%40umontreal.ca%7C4d51316dba6247478bd808dc80cd56dc%7Cd27eefec2a474be7981e0f8977fa31d8%7C1%7C0%7C638526866611128803%7CUnknown%7CTWFpbGZsb3d8eyJWIjoiMC4wLjAwMDAiLCJQIjoiV2luMzIiLCJBTiI6Ik1haWwiLCJXVCI6Mn0%3D%7C0%7C%7C%7C&amp;sdata=M6%2FQ4Qc2z6naUCcR%2FncZh%2Bg3mtBBKqaiFYNhH689xTk%3D&amp;reserved=0\">https:\/\/www.openconf.org\/cca2024\/author\/withdraw.php<\/a> For those who choose to withdraw now due to the situation, the CCA will either reimburse the CCA membership fees or roll them over to next year, upon request. The Federation has informed us, however, that the Congress registration fees are non-refundable. We will update the official program in the next few days and provide greater details regarding rooms and buildings on the Universit\u00e9 de Montr\u00e9al campus.&nbsp;<\/p>\n\n\n\n<p>We recognize that this shift is stressful and inconvenient for many of you. We acknowledge that many of you may be disappointed: you may have different opinions on the underlying issues or the best options to move forward. We hope that you can appreciate the complexity and exceptional nature of the situation and we hope that one way or another, you will participate in CCA2024.&nbsp;<\/p>\n\n\n\n<p>If you have any questions or concerns, please contact the CCA President, Ghislain Thibault at <a href=\"mailto:ghislain.thibault@umontreal.ca\">ghislain.thibault@umontreal.ca<\/a> or the CCA Vice-President and Conference Chair, Faiza Hirji at <a href=\"mailto:hirjif@mcmaster.ca\">hirjif@mcmaster.ca<\/a><br>Sincerely,&nbsp;<\/p>\n\n\n\n<p>The Board of Directors<\/p>\n\n\n\n<p>Canadian Communication Association&nbsp;<\/p>\n\n\n\n<p>30 mai 2024&nbsp;<\/p>\n\n\n\n<p>Chers participants et participantes \u00e0 l&#8217;ACC 2024,&nbsp;<\/p>\n\n\n\n<p>Nous vous remercions tou.te.s pour votre patience face \u00e0 notre d\u00e9cision concernant la situation actuelle \u00e0 McGill.&nbsp;<\/p>\n\n\n\n<p>Comme nous l&#8217;avons mentionn\u00e9 dans notre derni\u00e8re communication du 21 mai, McGill fait face \u00e0 la gr\u00e8ve du Syndicat des professeurs de droit de McGill (depuis le 24 avril), ainsi qu&#8217;\u00e0 un campement de manifestant.e.s pro-palestinien.ne.s (depuis le 29 avril). Depuis notre derni\u00e8re communication, aucun des ces deux groupes n&#8217;a r\u00e9ussi \u00e0 trouver une solution avec l&#8217;administration de l&#8217;Universit\u00e9 McGill.&nbsp;<\/p>\n\n\n\n<p>Le Conseil d&#8217;administration a tenu deux r\u00e9unions d&#8217;urgence dans la derni\u00e8re semaine afin de discuter de ses options. Notre pr\u00e9sident, la vice-pr\u00e9sidente ainsi que le coordinateur des arrangements locaux ont \u00e9galement \u00e9t\u00e9 en dialogue constant avec le personnel de la F\u00e9d\u00e9ration, d&#8217;autres associations universitaires et des membres du corps professoral de McGill. Nous avons envisag\u00e9 plusieurs options, allant du maintien de la conf\u00e9rence \u00e0 McGill \u00e0 passer en virtuel enti\u00e8rement, en passant par l&#8217;annulation de l\u2019ACC24. Apr\u00e8s de longues d\u00e9lib\u00e9rations, le conseil d&#8217;administration a conclu que les circonstances actuelles \u00e0 l&#8217;Universit\u00e9 McGill ne nous permettent pas d&#8217;organiser le type de conf\u00e9rence auquel nos membres s&#8217;attendent. Nous savons aussi que plusieurs de nos membres ont d\u00e9j\u00e0 r\u00e9serv\u00e9 leur transport et leur h\u00e9bergement \u00e0 Montr\u00e9al et que certain.e.s d&#8217;entre eux &#8211; en particulier les \u00e9tudiant.e.s &#8211; comptent sur l\u2019ACC comme plateforme pour leur d\u00e9veloppement acad\u00e9mique et professionnel. Bien que des opinions divergentes aient \u00e9t\u00e9 exprim\u00e9es au sein de notre conseil d&#8217;administration, la majorit\u00e9 des membres a finalement opt\u00e9 pour une solution qui, nous l&#8217;esp\u00e9rons, permettra \u00e0 l&#8217;ACC d&#8217;\u00eatre une espace de d\u00e9veloppement professionnel et de recherche. <strong>Nous avons donc r\u00e9serv\u00e9 des salles sur le campus de l&#8217;Universit\u00e9 de Montr\u00e9al,<\/strong> situ\u00e9 \u00e0 environ 40 minutes de l&#8217;Universit\u00e9 McGill et facilement accessible par transport en commun.&nbsp;<\/p>\n\n\n\n<p><strong>L&#8217;ACC24 aura donc lieu \u00e0 Montr\u00e9al, du 18 au 21 juin 2024, dans des salles lou\u00e9es sur le campus de&nbsp;<\/strong><strong>l&#8217;Universit\u00e9 de Montr\u00e9al<\/strong><strong>.<\/strong> M\u00eame si nous ne nous r\u00e9unirons pas sur le campus de McGill, nous maintenons notre participation au Congr\u00e8s des sciences humaines du Canada 2024. Notre structure tarifaire n&#8217;est pas affect\u00e9e par ce changement, et nous vous demandons de vous inscrire au Congr\u00e8s et de payer vos frais d&#8217;adh\u00e9sion \u00e0 l&#8217;ACC. Les frais de conf\u00e9rence et d&#8217;adh\u00e9sion sont essentiels pour que notre conf\u00e9rence annuelle puisse avoir lieu, en particulier dans un contexte d&#8217;augmentation des co\u00fbts li\u00e9s au changement de lieu.&nbsp;<\/p>\n\n\n\n<p>Comme cela a d\u00e9j\u00e0 \u00e9t\u00e9 propos\u00e9, si vous pr\u00e9f\u00e9rez faire votre pr\u00e9sentation sur Zoom, cette option est possible : veuillez contacter Faiza Hirji et elle ajustera le programme en cons\u00e9quence. Enfin, si vous d\u00e9cidez de vous retirer du colloque, vous pouvez le faire ici : <a href=\"https:\/\/can01.safelinks.protection.outlook.com\/?url=https%3A%2F%2Fwww.openconf.org%2Fcca2024%2Fauthor%2Fwithdraw.php&amp;data=05%7C02%7Cghislain.thibault%40umontreal.ca%7C4d51316dba6247478bd808dc80cd56dc%7Cd27eefec2a474be7981e0f8977fa31d8%7C1%7C0%7C638526866611138269%7CUnknown%7CTWFpbGZsb3d8eyJWIjoiMC4wLjAwMDAiLCJQIjoiV2luMzIiLCJBTiI6Ik1haWwiLCJXVCI6Mn0%3D%7C0%7C%7C%7C&amp;sdata=%2FRmeq6XyqcLvE%2FXRGP0TTlh0hhjha1xntNIslkhZhtI%3D&amp;reserved=0\">https:\/\/www.openconf.org\/cca2024\/author\/withdraw.php<\/a>&nbsp; Pour ceux et celles qui choisissent de se retirer maintenant en raison de la situation, l&#8217;ACC remboursera les frais d&#8217;adh\u00e9sion \u00e0 l&#8217;ACC ou les reportera \u00e0 l&#8217;ann\u00e9e prochaine, sur demande. La F\u00e9d\u00e9ration nous a toutefois inform\u00e9s que les frais d&#8217;inscription au Congr\u00e8s ne sont pas remboursables. Nous mettrons \u00e0 jour le programme officiel dans les prochains jours et fournirons plus de d\u00e9tails concernant les salles et les pavillons que nous utiliserons sur le campus de l&#8217;Universit\u00e9 de Montr\u00e9al.&nbsp;<\/p>\n\n\n\n<p>Nous sommes conscient.e.s que ce changement est stressant. Nous reconnaissons aussi que certain.e.s d&#8217;entre vous peuvent \u00eatre d\u00e9\u00e7us: vous pouvez avoir des opinions diff\u00e9rentes sur les questions sous-jacentes \u00e0 cette situation ou encore au sujet des meilleures options pour aller de l&#8217;avant. Nous esp\u00e9rons que vous comprendrez la complexit\u00e9 et la nature exceptionnelle de la situation et que, d&#8217;une mani\u00e8re ou d&#8217;une autre, vous participerez \u00e0 l&#8217;ACC2024.&nbsp;<\/p>\n\n\n\n<p>Si vous avez des questions ou des pr\u00e9occupations, veuillez contacter le pr\u00e9sident de l&#8217;ACC,&nbsp; Ghislain Thibault \u00e0 <a href=\"mailto:ghislain.thibault@umontreal.ca\">ghislain.thibault@umontreal.ca<\/a>&nbsp; ou la vice-pr\u00e9sidente de l&#8217;ACC, Faiza Hirji \u00e0 <a href=\"mailto:hirjif@mcmaster.ca\">hirjif@mcmaster.ca<\/a>&nbsp;<\/p>\n\n\n\n<p>Bien cordialement,&nbsp;<\/p>\n\n\n\n<p>Le conseil d&#8217;administration, Association canadienne de la communication<\/p>\n\n\n\n<hr class=\"wp-block-separator has-alpha-channel-opacity\"\/>\n\n\n\n<h2 class=\"wp-block-heading\">Membership &amp; Conference Fees<\/h2>\n\n\n\n<p>A friendly reminder that in order to present your paper at CCA24 (this includes all authors, co-authors and roundtable participants whether or not they are attending the conference), there are 3 different fees<br>that must be paid:<\/p>\n\n\n\n<ol>\n<li>CCA annual membership (paid via <a href=\"http:\/\/acc-cca.ca\/index.php\/membership-adhesion\/\" data-type=\"URL\" data-id=\"http:\/\/acc-cca.ca\/index.php\/membership-adhesion\/\" target=\"_blank\" rel=\"noreferrer noopener\">CCA website<\/a>)<\/li>\n\n\n\n<li>Congress registration (paid via the <a href=\"https:\/\/www.federationhss.ca\/en\/congress\/register\" data-type=\"URL\" data-id=\"https:\/\/www.federationhss.ca\/en\/congress\/register\">Congress website<\/a>)<\/li>\n\n\n\n<li>CCA conference fees (also paid via the Congress website)<\/li>\n<\/ol>\n\n\n\n<p><strong>CCA Membership. <\/strong>To present your paper at the CCA 2024 conference, you must be a<br>member of the CCA. Your membership must be paid by April 1, 2024. To join CCA or to<br>renew your membership, please visit <a href=\"http:\/\/acc-cca.ca\/index.php\/membership-adhesion\/\">http:\/\/acc-cca.ca\/index.php\/membership-adhesion\/<\/a><\/p>\n\n\n\n<p><strong>Congress Fees.<\/strong> All participants to CCA2024 must also register with Congress prior to the<br>beginning of the conference. Registration fees with Congress as well as the CCA conference<br>fees can be paid through the Congress website and the relevant link will be provided once<br>available. Early bird pricing is available.<\/p>\n\n\n\n<p>\/\/<\/p>\n\n\n\n<p>Pour pr\u00e9senter une communication \u00e0 l\u2019ACC 2024 (ceci inclut tous les auteurs.trices, co-<br>auteurs.trices et participant.e.s aux tables rondes, qu&#8217;ils ou elles assistent ou non au<br>colloque), il y a 3 frais diff\u00e9rents \u00e0 payer :<\/p>\n\n\n\n<ol>\n<li>Adh\u00e9sion annuelle \u00e0 l&#8217;ACC (pay\u00e9e via le site web de l&#8217;ACC)<\/li>\n\n\n\n<li>Inscription au congr\u00e8s (pay\u00e9e sur le site web du congr\u00e8s)<\/li>\n\n\n\n<li>Frais de conf\u00e9rence de l&#8217;ACC (pay\u00e9s via le site web du Congr\u00e8s)<\/li>\n<\/ol>\n\n\n\n<p><strong>Adh\u00e9sion \u00e0 l\u2019ACC.<\/strong> Pour pr\u00e9senter votre communication au colloque de l\u2019ACC 2024, vous<br>devez \u00eatre membre du CCA. Votre adh\u00e9sion doit \u00eatre en r\u00e8gle avant le 1er avril 2024. Pour<br>adh\u00e9rer \u00e0 l&#8217;ACC ou pour renouveler votre adh\u00e9sion, veuillez consulter le site <a href=\"https:\/\/acc-cca.ca\/?page_id=1287\" data-type=\"page\" data-id=\"1287\" target=\"_blank\" rel=\"noreferrer noopener\">http:\/\/acc-<br>cca.ca\/index.php\/membership-adhesion\/<\/a><\/p>\n\n\n\n<p><br><strong>Frais d&#8217;inscription au congr\u00e8s.<\/strong> Tou.te.s les participant.e.s \u00e0 l\u2019ACC 2024 doivent \u00e9galement<br>s&#8217;inscrire au Congr\u00e8s avant le d\u00e9but de la conf\u00e9rence. Les frais d&#8217;inscription au Congr\u00e8s ainsi<br>que les frais de conf\u00e9rence de l&#8217;ACC peuvent \u00eatre pay\u00e9s sur le site web du Congr\u00e8s et le lien<br>correspondant sera fourni d\u00e8s qu&#8217;il sera disponible.<\/p>\n\n\n\n<hr class=\"wp-block-separator has-alpha-channel-opacity\"\/>\n","protected":false},"excerpt":{"rendered":"<p>Conference Round-Up &#8212; Bilan de l&#8217;ACC24 Dear CCA friends and colleagues, It was wonderful to see many of you at the Universit\u00e9 de Montr\u00e9al and online this week for CCA24. As in previous years, everyone&#8217;s papers and roundtable discussions were so strong and engaging, congratulations to all! As is the tradition, here is a roundup &hellip; <a href=\"https:\/\/acc-cca.ca\/index.php\/conference\/previous-conference-keynotes-programs\/cca-2024-june-18-21-montreal\/\" class=\"more-link\">Continue reading <span class=\"screen-reader-text\">CCA 2024 \/\/ June 18-21 \/\/ Montr\u00e9al<\/span> <span class=\"meta-nav\">&rarr;<\/span><\/a><\/p>\n","protected":false},"author":1,"featured_media":0,"parent":728,"menu_order":0,"comment_status":"closed","ping_status":"closed","template":"","meta":{"ub_ctt_via":""},"featured_image_src":null,"_links":{"self":[{"href":"https:\/\/acc-cca.ca\/index.php\/wp-json\/wp\/v2\/pages\/1224"}],"collection":[{"href":"https:\/\/acc-cca.ca\/index.php\/wp-json\/wp\/v2\/pages"}],"about":[{"href":"https:\/\/acc-cca.ca\/index.php\/wp-json\/wp\/v2\/types\/page"}],"author":[{"embeddable":true,"href":"https:\/\/acc-cca.ca\/index.php\/wp-json\/wp\/v2\/users\/1"}],"replies":[{"embeddable":true,"href":"https:\/\/acc-cca.ca\/index.php\/wp-json\/wp\/v2\/comments?post=1224"}],"version-history":[{"count":19,"href":"https:\/\/acc-cca.ca\/index.php\/wp-json\/wp\/v2\/pages\/1224\/revisions"}],"predecessor-version":[{"id":1392,"href":"https:\/\/acc-cca.ca\/index.php\/wp-json\/wp\/v2\/pages\/1224\/revisions\/1392"}],"up":[{"embeddable":true,"href":"https:\/\/acc-cca.ca\/index.php\/wp-json\/wp\/v2\/pages\/728"}],"wp:attachment":[{"href":"https:\/\/acc-cca.ca\/index.php\/wp-json\/wp\/v2\/media?parent=1224"}],"curies":[{"name":"wp","href":"https:\/\/api.w.org\/{rel}","templated":true}]}}