{"id":1323,"date":"2024-06-24T00:14:28","date_gmt":"2024-06-24T00:14:28","guid":{"rendered":"https:\/\/acc-cca.ca\/?page_id=1323"},"modified":"2025-07-23T22:00:50","modified_gmt":"2025-07-23T22:00:50","slug":"governance-ca","status":"publish","type":"page","link":"https:\/\/acc-cca.ca\/index.php\/blank\/governance-ca\/","title":{"rendered":"Governance \u2022 CA"},"content":{"rendered":"\n<h4 class=\"wp-block-heading\">President \u00b7 Pr\u00e9sidente (2024-2026)<\/h4>\n\n\n\n<p><strong>Faiza Hirji<br><\/strong>Department of Communication Studies and Media Arts<br>McMaster University<\/p>\n\n\n\n<h4 class=\"wp-block-heading\">Vice-president \u00b7 Vice-Pr\u00e9sidente (2024-2026)<\/h4>\n\n\n\n<p><strong>Nicole Cohen<br><\/strong>Institute of Communication, Culture, Information, and Technology<br>University of Toronto Mississauga<\/p>\n\n\n\n<h4 class=\"wp-block-heading\">Treasurer \u00b7 Tr\u00e9sorier (2023-2026)<\/h4>\n\n\n\n<p><strong>Nathan Rambukkana&nbsp;<\/strong><br>Department of Communication Studies<br>Wilfrid Laurier University<\/p>\n\n\n\n<h4 class=\"wp-block-heading\">Secretary \u00b7 Secr\u00e9taire (2025-2028)<\/h4>\n\n\n\n<p><strong>Crystal Chokshi<\/strong><br>School of Communication Studies<br>Mount Royal University<\/p>\n\n\n\n<h4 class=\"wp-block-heading\">Student Representatives \u00b7 Repr\u00e9sentants \u00e9tudiants<\/h4>\n\n\n\n<p><strong>Anurag&nbsp;(2024-2026)<\/strong><br>Department of Communication, Media and Film<br>University of Calgary<\/p>\n\n\n\n<p><strong>Aimee Koristka <\/strong><strong>(2025-2027)<\/strong><br>Department of Communication, Media and Film<br>University of Calgary<\/p>\n\n\n\n<h4 class=\"wp-block-heading\">Members-at-Large \u00b7 Administrateurs et Administratrices<\/h4>\n\n\n\n<p><strong>James Cairns (2025-2028)<br><\/strong>Department of Communication Studies<br>Wilfrid Laurier University<\/p>\n\n\n\n<p><strong>Milena Droumeva (2023-2026)<br><\/strong>School of Communication<br>Simon Fraser University<\/p>\n\n\n\n<p><strong>Mirjam Gollmitzer\u00a0(2025-2028)<br><\/strong>D\u00e9partement de Communication<br>Universit\u00e9 de Montr\u00e9al<\/p>\n\n\n\n<p><strong>Nicolette Little (2025-2028)<br><\/strong>Faculty of Arts &#8211; Media Tech Studies (MTS)<br>University of Alberta<\/p>\n\n\n\n<p><strong>Kirsten Emiko McAllister (2023-2026)<br><\/strong>School of Communication<br>Simon Fraser University<\/p>\n\n\n\n<p><strong>Rianka Singh (2025-2028)<\/strong><br>Department of Communication and Media Studies<br>York University<\/p>\n\n\n\n<p><strong>Henry Adam Svec (2023-2026)<\/strong><br>Department of Communication Arts<br>University of Waterloo<\/p>\n\n\n\n<p><strong>Kenneth Werbin&nbsp;<\/strong><strong>(2024-2027)<br><\/strong>Faculty of Liberal Arts<br>Wilfrid Laurier University<\/p>\n","protected":false},"excerpt":{"rendered":"<p>President \u00b7 Pr\u00e9sidente (2024-2026) Faiza HirjiDepartment of Communication Studies and Media ArtsMcMaster University Vice-president \u00b7 Vice-Pr\u00e9sidente (2024-2026) Nicole CohenInstitute of Communication, Culture, Information, and TechnologyUniversity of Toronto Mississauga Treasurer \u00b7 Tr\u00e9sorier (2023-2026) Nathan Rambukkana&nbsp;Department of Communication StudiesWilfrid Laurier University Secretary \u00b7 Secr\u00e9taire (2025-2028) Crystal ChokshiSchool of Communication StudiesMount Royal University Student Representatives \u00b7 Repr\u00e9sentants \u00e9tudiants &hellip; <a href=\"https:\/\/acc-cca.ca\/index.php\/blank\/governance-ca\/\" class=\"more-link\">Continue reading <span class=\"screen-reader-text\">Governance \u2022 CA<\/span> <span class=\"meta-nav\">&rarr;<\/span><\/a><\/p>\n","protected":false},"author":1,"featured_media":0,"parent":11,"menu_order":1,"comment_status":"closed","ping_status":"closed","template":"","meta":{"ub_ctt_via":""},"featured_image_src":null,"_links":{"self":[{"href":"https:\/\/acc-cca.ca\/index.php\/wp-json\/wp\/v2\/pages\/1323"}],"collection":[{"href":"https:\/\/acc-cca.ca\/index.php\/wp-json\/wp\/v2\/pages"}],"about":[{"href":"https:\/\/acc-cca.ca\/index.php\/wp-json\/wp\/v2\/types\/page"}],"author":[{"embeddable":true,"href":"https:\/\/acc-cca.ca\/index.php\/wp-json\/wp\/v2\/users\/1"}],"replies":[{"embeddable":true,"href":"https:\/\/acc-cca.ca\/index.php\/wp-json\/wp\/v2\/comments?post=1323"}],"version-history":[{"count":7,"href":"https:\/\/acc-cca.ca\/index.php\/wp-json\/wp\/v2\/pages\/1323\/revisions"}],"predecessor-version":[{"id":1584,"href":"https:\/\/acc-cca.ca\/index.php\/wp-json\/wp\/v2\/pages\/1323\/revisions\/1584"}],"up":[{"embeddable":true,"href":"https:\/\/acc-cca.ca\/index.php\/wp-json\/wp\/v2\/pages\/11"}],"wp:attachment":[{"href":"https:\/\/acc-cca.ca\/index.php\/wp-json\/wp\/v2\/media?parent=1323"}],"curies":[{"name":"wp","href":"https:\/\/api.w.org\/{rel}","templated":true}]}}