{"id":1395,"date":"2024-06-24T18:54:05","date_gmt":"2024-06-24T18:54:05","guid":{"rendered":"https:\/\/acc-cca.ca\/?page_id=1395"},"modified":"2025-02-10T19:40:36","modified_gmt":"2025-02-10T19:40:36","slug":"graduate-conference-bursary-bourse-de-lacc-en-soutien-aux-colloques-etudiants","status":"publish","type":"page","link":"https:\/\/acc-cca.ca\/index.php\/bourse-bursary\/graduate-conference-bursary-bourse-de-lacc-en-soutien-aux-colloques-etudiants\/","title":{"rendered":"Graduate Conference Bursary \u2022 Bourse de l\u2019ACC en soutien aux colloques \u00e9tudiants"},"content":{"rendered":"\n<p>L\u2019ACC offrira une aide financi\u00e8re de 750$ par ann\u00e9e universitaire \u00e0 un maximum de 4 programmes d\u2019\u00e9tudes en communication pour aider \u00e0 financer des colloques \u00e9tudiants organis\u00e9s par des \u00e9tudiantes et des \u00e9tudiant.e.s des cycles sup\u00e9rieurs.<\/p>\n\n\n\n<p><strong>Date limite :&nbsp; 1er novembre et 1er mars de chaque ann\u00e9e<\/strong><\/p>\n\n\n\n<p>Les candidat.e.s seront avis\u00e9.e.s des r\u00e9sultats dans les semaines qui suivent la fermeture de chaque concours. Les demandes doivent \u00eatre accompagn\u00e9es d\u2019une lettre d\u2019appui du directeur ou de la directrice du programme ou du d\u00e9partement.<\/p>\n\n\n\n<p>Les b\u00e9n\u00e9ficiaires d\u2019une aide dans le cadre de ce programme doivent soumettre un \u00e9tat financier complet du colloque ou de l\u2019atelier dans les 60 jours suivant la fin de celui-ci. La tr\u00e9sorerie de l\u2019ACC doit approuver l\u2019\u00e9tat financier.<\/p>\n\n\n\n<p>Pour faire une demande, veuillez fournir les informations suivantes dans un document PDF joint \u00e0 un courriel transmis au tr\u00e9sorier de l\u2019ACC, le professeur Nathan Rambukkana \u00e0 l\u2019adresse nrambukkana [@] wlu.ca :<\/p>\n\n\n\n<ol type=\"1\">\n<li>Titre du colloque (L\u2019appel \u00e0 communications du colloque doit \u00eatre joint \u00e0 la demande)<\/li>\n\n\n\n<li>R\u00e9sum\u00e9 du th\u00e8me du colloque (Maximum: 250 mots)<\/li>\n\n\n\n<li>Noms et coordonn\u00e9es de tous les organisateurs (inclure leur niveau d\u2019\u00e9tudes: ma\u00eetrise ou doctorat)<\/li>\n\n\n\n<li>Noms et coordonn\u00e9es du ou des membres du corps professoral conseillant les organisateurs<\/li>\n\n\n\n<li>Date(s) et dur\u00e9e du colloque: nombre de jours et nombre de s\u00e9ances ou panels<\/li>\n\n\n\n<li>Nombre de participants, incluant les organisateurs<\/li>\n\n\n\n<li>Budget du colloque (aussi d\u00e9taill\u00e9 que possible)<\/li>\n\n\n\n<li>Autres sources de financement et montant des aides financi\u00e8res demand\u00e9es, obtenues ou pr\u00e9vues<\/li>\n<\/ol>\n\n\n\n<p>Jusqu&#8217;\u00e0 2 conf\u00e9rences seront financ\u00e9es dans le cadre du concours d&#8217;automne, le reste du financement \u00e9tant r\u00e9serv\u00e9 au concours de printemps. Si il y a plus de candidats que de places de financement, la pr\u00e9f\u00e9rence sera accord\u00e9e comme suit&nbsp;:<\/p>\n\n\n\n<ul>\n<li>Candidatures compl\u00e8tes<\/li>\n\n\n\n<li>Candidatures pour des conf\u00e9rences qui n&#8217;ont pas re\u00e7u de financement l&#8217;ann\u00e9e pr\u00e9c\u00e9dente<\/li>\n\n\n\n<li>Candidatures pour des conf\u00e9rences pr\u00e9c\u00e9demment financ\u00e9es pour lesquelles les \u00e9tats financiers post-conf\u00e9rence ont \u00e9t\u00e9 correctement soumis<\/li>\n<\/ul>\n\n\n\n<hr class=\"wp-block-separator has-alpha-channel-opacity\"\/>\n\n\n\n<p>The CCA provides $750 for up to 4 communication programs per academic year to assist graduate students fund a graduate conference at their home institution.<\/p>\n\n\n\n<p><strong>Deadlines: November 1st and March 1<sup>st<\/sup> of each year<\/strong><\/p>\n\n\n\n<p>Applicants will be notified about results within a few weeks after the deadline. Applications must include an endorsement by the director of the program and\/or department.<\/p>\n\n\n\n<p>Funding recipients must submit a full financial statement for the conference within 60 days after the end of the conference or workshop. Any unused funds must be returned to CCA within the same period. The treasurer of CCA must approve the financial statement.<\/p>\n\n\n\n<p>To apply, please provide the following information in a PDF attachment addressed to the CCA treasurer, Dr. Nathan Rambukkana, at nrambukkana [@] wlu.ca:<\/p>\n\n\n\n<ol type=\"1\">\n<li>Title of conference (Call for Papers must be attached)<\/li>\n\n\n\n<li>Summary of conference theme (Maximum: 250 words)<\/li>\n\n\n\n<li>Names and contact information of all organizers (include MA or PhD status)<\/li>\n\n\n\n<li>Name and contact information for the conference\u2019s faculty advisor(s)<\/li>\n\n\n\n<li>Date(s) and length of conference: number of days and number of sessions\/panels<\/li>\n\n\n\n<li>Number of participants, including organizers<\/li>\n\n\n\n<li>Conference budget (as detailed as possible)<\/li>\n\n\n\n<li>Other funding and amount of funding applied for, secured or intended<\/li>\n<\/ol>\n\n\n\n<p>Up to 2 conferences will be funded through the fall competition with the remainder of the funding reserved for the spring competition. If there are more applicants than funding slots, preference will be given along the following lines:<\/p>\n\n\n\n<ul>\n<li>Complete applications<\/li>\n\n\n\n<li>Applications for conferences that did not receive funding in the previous year<\/li>\n\n\n\n<li>Applications for previously funded conferences where the post-conference financial statement was properly submitted<\/li>\n<\/ul>\n","protected":false},"excerpt":{"rendered":"<p>L\u2019ACC offrira une aide financi\u00e8re de 750$ par ann\u00e9e universitaire \u00e0 un maximum de 4 programmes d\u2019\u00e9tudes en communication pour aider \u00e0 financer des colloques \u00e9tudiants organis\u00e9s par des \u00e9tudiantes et des \u00e9tudiant.e.s des cycles sup\u00e9rieurs. Date limite :&nbsp; 1er novembre et 1er mars de chaque ann\u00e9e Les candidat.e.s seront avis\u00e9.e.s des r\u00e9sultats dans les &hellip; <a href=\"https:\/\/acc-cca.ca\/index.php\/bourse-bursary\/graduate-conference-bursary-bourse-de-lacc-en-soutien-aux-colloques-etudiants\/\" class=\"more-link\">Continue reading <span class=\"screen-reader-text\">Graduate Conference Bursary \u2022 Bourse de l\u2019ACC en soutien aux colloques \u00e9tudiants<\/span> <span class=\"meta-nav\">&rarr;<\/span><\/a><\/p>\n","protected":false},"author":1,"featured_media":0,"parent":170,"menu_order":0,"comment_status":"closed","ping_status":"closed","template":"","meta":{"ub_ctt_via":""},"featured_image_src":null,"_links":{"self":[{"href":"https:\/\/acc-cca.ca\/index.php\/wp-json\/wp\/v2\/pages\/1395"}],"collection":[{"href":"https:\/\/acc-cca.ca\/index.php\/wp-json\/wp\/v2\/pages"}],"about":[{"href":"https:\/\/acc-cca.ca\/index.php\/wp-json\/wp\/v2\/types\/page"}],"author":[{"embeddable":true,"href":"https:\/\/acc-cca.ca\/index.php\/wp-json\/wp\/v2\/users\/1"}],"replies":[{"embeddable":true,"href":"https:\/\/acc-cca.ca\/index.php\/wp-json\/wp\/v2\/comments?post=1395"}],"version-history":[{"count":3,"href":"https:\/\/acc-cca.ca\/index.php\/wp-json\/wp\/v2\/pages\/1395\/revisions"}],"predecessor-version":[{"id":1546,"href":"https:\/\/acc-cca.ca\/index.php\/wp-json\/wp\/v2\/pages\/1395\/revisions\/1546"}],"up":[{"embeddable":true,"href":"https:\/\/acc-cca.ca\/index.php\/wp-json\/wp\/v2\/pages\/170"}],"wp:attachment":[{"href":"https:\/\/acc-cca.ca\/index.php\/wp-json\/wp\/v2\/media?parent=1395"}],"curies":[{"name":"wp","href":"https:\/\/api.w.org\/{rel}","templated":true}]}}