{"id":1443,"date":"2024-10-08T14:14:10","date_gmt":"2024-10-08T14:14:10","guid":{"rendered":"https:\/\/acc-cca.ca\/?page_id=1443"},"modified":"2025-02-20T04:27:56","modified_gmt":"2025-02-20T04:27:56","slug":"how-to-apply","status":"publish","type":"page","link":"https:\/\/acc-cca.ca\/index.php\/prizes-prix\/prix-pour-etudiant-es-du-congres-congress-graduate-student-awards\/how-to-apply\/","title":{"rendered":"How to apply"},"content":{"rendered":"\n<h1 class=\"wp-block-heading\">Congress Graduate Merit Awards<\/h1>\n\n\n\n<h4 class=\"wp-block-heading\">Deadline: <strong>February 28, 2025<\/strong><\/h4>\n\n\n\n<p>Nominated papers should be sent electronically to <a href=\"mailto:hirjif@mcmaster.ca\" target=\"_blank\" rel=\"noreferrer noopener\">Dr. Faiza Hirji<\/a>, CCA President. Title<br>page must indicate paper\u2019s title, the author\u2019s name, contact info (including postal address),<br>university affiliation, and degree status.<\/p>\n\n\n\n<p>For eligibility and full submission details, please refer to the terms of reference below.<\/p>\n\n\n\n<hr class=\"wp-block-separator has-alpha-channel-opacity\"\/>\n\n\n\n<p>The Congress Graduate Merit Award facilitates the participation of graduate students in Congress activities. Each association planning to hold a conference at the event receives a set number of CGMAs, each worth $500, to support their most deserving student members.<\/p>\n\n\n\n<p><strong>Rationale<\/strong><\/p>\n\n\n\n<ul>\n<li>To recognize and honour the most promising student scholars in Canadian Communication Studies<\/li>\n\n\n\n<li>To promote scholarly excellence in the field<\/li>\n\n\n\n<li>To raise the profile of student research activity in graduate programs of Communication across Canada<\/li>\n<\/ul>\n\n\n\n<p><strong>Who is eligible<\/strong><\/p>\n\n\n\n<ul>\n<li>Students currently enrolled in a graduate program in Communication at a Canadian university<\/li>\n\n\n\n<li>Students must be fully-paid members of the CCA at the time that they submit their paper for consideration<\/li>\n<\/ul>\n\n\n\n<p><strong>What is eligible<\/strong><\/p>\n\n\n\n<ul>\n<li>Any single-authored scholarly essay written by the author addressing an issue of relevance to the field of Communication studies<\/li>\n\n\n\n<li>Essays must be between 3000 and 4000 words, inclusive of bibliography and appendices, and adhere to a recognized scholarly format<\/li>\n\n\n\n<li>Submit essay in PDF<\/li>\n\n\n\n<li>A cover page with the paper\u2019s title, the abstract, the author\u2019s name, contact info, university affiliation, and degree status must be included<\/li>\n\n\n\n<li>Papers in either English or French<\/li>\n<\/ul>\n\n\n\n<p><strong>How to submit<\/strong><\/p>\n\n\n\n<ul>\n<li>Students must submit their paper electronically to the President of CCA, by the stated deadline<\/li>\n\n\n\n<li>Failure to submit a version of the paper that adheres to these guidelines or to secure membership in the CCA by the time of submission will result in disqualification<\/li>\n<\/ul>\n\n\n\n<p><strong>The jury<\/strong><\/p>\n\n\n\n<ul>\n<li>The Prize is administered by the President of the CCA, who also serves as the chair of the jury, which includes at least three members, including the President<\/li>\n\n\n\n<li>Other jury members usually come from the CCA Board of Directors, but can also include members of the professoriate in Communication Studies<\/li>\n\n\n\n<li>Student representatives are not eligible to serve on the jury<\/li>\n\n\n\n<li>The decision of the jury is final, no appeals are permitted. Jury members will treat all deliberations with full confidentiality<\/li>\n<\/ul>\n\n\n\n<p><strong>Conflicts of interest<\/strong><\/p>\n\n\n\n<p>The principle of collegiality shall govern all deliberations by the jury. If a jury member feels that there is a real or perceived conflict of interest with one of the students, it is their responsibility to advise the other members. Conflicts of interest can, but do not necessarily, include supervisory relationships, personal or intimate relationships, close working relationships, and\/or research collaborations. While there can be concerns raised if a jury member is a professor in the same program as the student, this is not necessarily deemed a conflict of interest. In the case of a real or perceived conflict of interest, the Chair has the authority to ask the jury member in question to abstain from discussion and\/or voting related to the nominee in question. If there are only three members of the jury and one member is asked to abstain, and there is a tie decision, the Vice-President of the CCA will be asked to cast the deciding vote. Wherever possible, it is preferable for the jury to arrive at a unanimous decision. There are no honorable mentions and it is preferable to avoid tie decisions.<\/p>\n\n\n\n<p><strong>Criteria<\/strong><\/p>\n\n\n\n<p>The jury selects the winner based on the following criteria:<\/p>\n\n\n\n<ol>\n<li><em>Engagement with current topics and issues in communication studies<\/em>. The essay clearly and directly engages with a recognized area of communication studies. Interdisciplinary work will be accepted, but must be clearly linked to communication studies in terms of the theoretical and\/or methodological framework<\/li>\n\n\n\n<li><em>Style<\/em>. The essay\u2019s argumentation and analysis are well structured, provocative and professional. The essay is clearly written, and communicates ideas in an accessible style without compromising theoretical sophistication<\/li>\n\n\n\n<li><em>Originality<\/em>. The essay makes a novel contribution to research by engaging and\/or challenging existing streams of scholarly research and debate in the field. Arguments and evidence from the essay are applicable to and\/or challenges relevant research in communication studies.<\/li>\n\n\n\n<li><em>Future research potential<\/em>. The essay signals the author\u2019s potential to make a significant contribution to communication studies in Canada.<\/li>\n<\/ol>\n\n\n\n<hr class=\"wp-block-separator has-alpha-channel-opacity\"\/>\n\n\n\n<p>Le prix de m\u00e9rite des \u00e9tudiants dipl\u00f4m\u00e9s du Congr\u00e8s facilite la participation des \u00e9tudiants dipl\u00f4m\u00e9s aux activit\u00e9s du Congr\u00e8s. Chaque association qui pr\u00e9voit de tenir une conf\u00e9rence lors de l&#8217;\u00e9v\u00e9nement re\u00e7oit un nombre d\u00e9termin\u00e9 de CGMA, d&#8217;une valeur de 500 $ chacun, pour soutenir ses membres \u00e9tudiants les plus m\u00e9ritants.<\/p>\n\n\n\n<p><strong>Justification&nbsp;<\/strong><\/p>\n\n\n\n<ul>\n<li>Reconna\u00eetre et honorer les \u00e9tudiant.e.s universitaires les plus prometteurs.euses dans le domaine des \u00e9tudes canadiennes en communication<\/li>\n\n\n\n<li>Promouvoir l\u2019excellence acad\u00e9mique dans le domaine<\/li>\n\n\n\n<li>Am\u00e9liorer la visibilit\u00e9 des activit\u00e9s de recherche des \u00e9tudiant.e.s dans les programmes d\u2019\u00e9tudes sup\u00e9rieures en communication au Canada<\/li>\n<\/ul>\n\n\n\n<p><strong>Qui est \u00e9ligible<\/strong><\/p>\n\n\n\n<ul>\n<li>\u00c9tudiant.e.s actuellement inscrits dans un programme d\u2019\u00e9tudes sup\u00e9rieures en communication dans une universit\u00e9 canadienne<\/li>\n\n\n\n<li>L\u2019\u00e9tudiant.e doit \u00eatre membre \u00e0 part enti\u00e8re de l\u2019ACC au moment o\u00f9 ils soumettent leur article<\/li>\n<\/ul>\n\n\n\n<p><strong>Qu\u2019est ce qui est \u00e9ligible<\/strong><\/p>\n\n\n\n<ul>\n<li>Tout essai scientifique \u00e9crit par un.e seul.e auteur.e et traitant d\u2019une question pertinente pour le domaine des \u00e9tudes de la communication<\/li>\n\n\n\n<li>Les essais doivent compter entre 3 000 et 4 000 mots, bibliographie et annexes comprises, et respecter un format scientifique reconnu<\/li>\n\n\n\n<li>Soumettre un essai en Word ou PDF<\/li>\n\n\n\n<li>Une page de couverture avec le titre de l\u2019article, le r\u00e9sum\u00e9, le nom de l\u2019auteur, les coordonn\u00e9es, l\u2019affiliation universitaire et le statut du dipl\u00f4me doit \u00eatre incluse<\/li>\n\n\n\n<li>Articles en anglais ou en fran\u00e7ais<\/li>\n<\/ul>\n\n\n\n<p><strong>Comment soumettre&nbsp;<\/strong><\/p>\n\n\n\n<ul>\n<li>Les \u00e9tudiant.e.s doivent soumettre leur travail par voie \u00e9lectronique au pr\u00e9sident de l\u2019ACC, avant la date limite indiqu\u00e9e<\/li>\n\n\n\n<li>Si l\u2019article n\u2019est pas conforme \u00e0 ces directives ou que l\u2019\u00e9tudiant.e n\u2019est pas membre de l\u2019ACC au moment de la soumission, ;a candidature sera disqualifi\u00e9e<\/li>\n<\/ul>\n\n\n\n<p><strong>Le jury<\/strong><\/p>\n\n\n\n<ul>\n<li>Le prix est administr\u00e9 par le\/la pr\u00e9sident.e de la CCA, qui pr\u00e9side \u00e9galement le jury, lequel comprend au moins trois membres, dont le.la pr\u00e9sident.e<\/li>\n\n\n\n<li>Les autres membres du jury sont g\u00e9n\u00e9ralement issus du conseil d\u2019administration du CCA, mais peuvent \u00e9galement inclure des membres du corps professoral en \u00e9tudes de la communication<\/li>\n\n\n\n<li>Les repr\u00e9sentant.e.s des \u00e9tudiant.e.s ne peuvent pas faire partie du jury<\/li>\n\n\n\n<li>La d\u00e9cision du jury est d\u00e9finitive, aucun recours n\u2019est possible. Les membres du jury traiteront toutes les d\u00e9lib\u00e9rations en toute confidentialit\u00e9<\/li>\n<\/ul>\n\n\n\n<p><strong>Conflits d\u2019int\u00e9r\u00eats&nbsp;<\/strong><\/p>\n\n\n\n<p>Le principe de coll\u00e9gialit\u00e9 r\u00e9git toutes les d\u00e9lib\u00e9rations du jury. Si un.e membre du jury estime qu\u2019il existe un conflit d\u2019int\u00e9r\u00eats r\u00e9el ou per\u00e7u avec l\u2019un.e des \u00e9tudiant.e.s, il lui incombe de conseiller les autres membres. Les conflits d\u2019int\u00e9r\u00eats peuvent inclure, mais pas uniquement, des relations de supervision, des relations personnelles ou intimes, des relations de travail \u00e9troites et\/ou des collaborations de recherche. Bien que des inqui\u00e9tudes puissent \u00eatre soulev\u00e9es si un membre du jury est un.e professeur.e du m\u00eame programme que l\u2019\u00e9tudiant.e, cela n\u2019est pas n\u00e9cessairement consid\u00e9r\u00e9 comme un conflit d\u2019int\u00e9r\u00eats. Dans le cas d\u2019un conflit d\u2019int\u00e9r\u00eats r\u00e9el ou per\u00e7u, le.la pr\u00e9sident.e a peut demander au membre du jury en question de s\u2019abstenir de toute discussion et\/ou de tout vote concernant le.a candidat.e en question. S\u2019il n\u2019y a que trois membres du jury et qu\u2019un.e membre est invit\u00e9.e \u00e0 s\u2019abstenir, et qu\u2019il y a \u00e9galit\u00e9 des voix, le.la vice-pr\u00e9sident.e de l\u2019ACC era invit\u00e9.e \u00e0 exprimer la voix pr\u00e9pond\u00e9rante. Dans la mesure du possible, il est pr\u00e9f\u00e9rable que le jury arrive \u00e0 une d\u00e9cision unanime. Il n\u2019y a pas de mentions d\u2019honneur et il est pr\u00e9f\u00e9rable d\u2019\u00e9viter les d\u00e9cisions \u00e0 \u00e9galit\u00e9 de voix.<\/p>\n\n\n\n<p><strong>Crit\u00e8res<\/strong><\/p>\n\n\n\n<p>Le jury s\u00e9lectionne le gagnant sur la base des crit\u00e8res suivants :<\/p>\n\n\n\n<ol type=\"1\">\n<li><em>Engagement dans des sujets et des questions d\u2019actualit\u00e9 dans les \u00e9tudes de communication<\/em>. L\u2019essai s\u2019engage clairement et directement dans un domaine reconnu des \u00e9tudes de communication. Les travaux interdisciplinaires seront accept\u00e9s, mais doivent \u00eatre clairement li\u00e9s aux \u00e9tudes de communication en termes de cadre th\u00e9orique et\/ou m\u00e9thodologique<\/li>\n\n\n\n<li><em>Style<\/em>. L\u2019argumentation et l\u2019analyse de l\u2019essai sont bien structur\u00e9es, provocantes et professionnelles. L\u2019essai est clairement \u00e9crit et communique des id\u00e9es dans un style accessible sans compromettre la sophistication th\u00e9orique.<\/li>\n\n\n\n<li><em>Originalit\u00e9<\/em>. L\u2019essai apporte une contribution originale \u00e0 la recherche en engageant et\/ou en remettant en question les courants existants de recherche et de d\u00e9bat dans le domaine. Les arguments et les preuves de l\u2019essai sont applicables et\/ou remettent en question les recherches pertinentes dans le domaine des \u00e9tudes sur la communication.<\/li>\n\n\n\n<li><em>Potentiel de recherche futur<\/em>. L\u2019essai signale le potentiel de l\u2019auteur.e \u00e0 apporter une contribution significative aux \u00e9tudes sur la communication au Canada.<\/li>\n<\/ol>\n","protected":false},"excerpt":{"rendered":"<p>Congress Graduate Merit Awards Deadline: February 28, 2025 Nominated papers should be sent electronically to Dr. Faiza Hirji, CCA President. Titlepage must indicate paper\u2019s title, the author\u2019s name, contact info (including postal address),university affiliation, and degree status. For eligibility and full submission details, please refer to the terms of reference below. The Congress Graduate Merit &hellip; <a href=\"https:\/\/acc-cca.ca\/index.php\/prizes-prix\/prix-pour-etudiant-es-du-congres-congress-graduate-student-awards\/how-to-apply\/\" class=\"more-link\">Continue reading <span class=\"screen-reader-text\">How to apply<\/span> <span class=\"meta-nav\">&rarr;<\/span><\/a><\/p>\n","protected":false},"author":1,"featured_media":0,"parent":870,"menu_order":0,"comment_status":"closed","ping_status":"closed","template":"","meta":{"ub_ctt_via":""},"featured_image_src":null,"_links":{"self":[{"href":"https:\/\/acc-cca.ca\/index.php\/wp-json\/wp\/v2\/pages\/1443"}],"collection":[{"href":"https:\/\/acc-cca.ca\/index.php\/wp-json\/wp\/v2\/pages"}],"about":[{"href":"https:\/\/acc-cca.ca\/index.php\/wp-json\/wp\/v2\/types\/page"}],"author":[{"embeddable":true,"href":"https:\/\/acc-cca.ca\/index.php\/wp-json\/wp\/v2\/users\/1"}],"replies":[{"embeddable":true,"href":"https:\/\/acc-cca.ca\/index.php\/wp-json\/wp\/v2\/comments?post=1443"}],"version-history":[{"count":5,"href":"https:\/\/acc-cca.ca\/index.php\/wp-json\/wp\/v2\/pages\/1443\/revisions"}],"predecessor-version":[{"id":1549,"href":"https:\/\/acc-cca.ca\/index.php\/wp-json\/wp\/v2\/pages\/1443\/revisions\/1549"}],"up":[{"embeddable":true,"href":"https:\/\/acc-cca.ca\/index.php\/wp-json\/wp\/v2\/pages\/870"}],"wp:attachment":[{"href":"https:\/\/acc-cca.ca\/index.php\/wp-json\/wp\/v2\/media?parent=1443"}],"curies":[{"name":"wp","href":"https:\/\/api.w.org\/{rel}","templated":true}]}}