{"id":15,"date":"2018-07-18T19:35:28","date_gmt":"2018-07-18T19:35:28","guid":{"rendered":"http:\/\/acc-cca.ca\/?page_id=15"},"modified":"2026-04-07T11:52:26","modified_gmt":"2026-04-07T11:52:26","slug":"membership-adhesion","status":"publish","type":"page","link":"https:\/\/acc-cca.ca\/index.php\/membership-adhesion\/","title":{"rendered":"Membership &#038; Conference Registration \u2022 Adh\u00e9sion et Frais d&#8217;inscription \u00e0 la conf\u00e9rence"},"content":{"rendered":"<p>For the 2026 conference, the CCA has combined what had previously been separate membership and conference registration fees. The membership portion of the fees helps sustain CCA as an organization and the conference registration portion covers the costs of hosting a conference.<\/p>\n<p>There are three fee categories: presenting (includes membership), non-presenting, and membership only.<\/p>\n<p>Everyone listed on the CCA program, including all co-authors, presenting at the conference must pay the fee in the \u201cpresenting\u201d category. This fee includes a one-year CCA membership, with the exception of non-academic community members presenting on roundtables.<\/p>\n<h4><\/h4>\n<p>If you are attending the conference but not presenting you may pay the appropriate \u201cnon-presenting\u201d (conference-only) fee to attend, or chose the appropriate \u201cpresenting\u201d fee if you would also like to become a CCA member.<\/p>\n<p>If you will not attend but want to renew your CCA membership, you may pay the fee listed in the \u201cmembership only\u201d category. Membership runs from January 1 to December 31 of a calendar year; however, new memberships and renewals completed after November 15 of each year are carried over to the following year (i.e., if you pay your dues on November 28, 2025, your 2026 membership is renewed automatically). As such, if you already renewed your membership after November 15th this year but are also presenting at the conference you may pay the \u201cnon-presenting\u201d conference fee.<\/p>\n<p>&#8212;<\/p>\n<p>Pour la conf\u00e9rence de 2026, l\u2019ACC a fusionn\u00e9 les frais d&#8217;adh\u00e9sion et de conf\u00e9rence, auparavant distincts. La partie des cotisations relative aux adh\u00e9sions contribue \u00e0 assurer la p\u00e9rennit\u00e9 de l\u2019ACC en tant qu&#8217;organisation, et la partie relative \u00e0 l&#8217;inscription \u00e0 la conf\u00e9rence couvre les co\u00fbts d&#8217;organisation de la conf\u00e9rence.<\/p>\n<p style=\"font-weight: 400;\">Il y en a trois cat\u00e9gories de frais\u00a0: pr\u00e9sentant (adhesion incluse), non-pr\u00e9sentant, et adh\u00e9sion uniquement.<\/p>\n<p style=\"font-weight: 400;\">Toute personne inscrite au programme de l\u2019ACC, y compris les co-auteurs, et pr\u00e9sentant une communication \u00e0 la conf\u00e9rence doit s\u2019acquitter des frais d&#8217;inscription indiqu\u00e9s dans la cat\u00e9gorie \u00ab pr\u00e9sentant \u00bb. Ces frais comprennent une adh\u00e9sion d&#8217;un an \u00e0 l\u2019ACC, \u00e0 l&#8217;exception des membres de la communaut\u00e9 non universitaires intervenant lors des tables rondes.<\/p>\n<h4><\/h4>\n<p style=\"font-weight: 400;\">Si vous ne participez pas \u00e0 la conf\u00e9rence, mais souhaitez renouveler votre adh\u00e9sion \u00e0 l\u2019ACC, vous pouvez payer les frais indiqu\u00e9s dans la cat\u00e9gorie \u00ab adh\u00e9sion uniquement \u00bb. L\u2019adh\u00e9sion est valable du 1er janvier au 31 d\u00e9cembre de chaque ann\u00e9e ; cependant, les nouvelles adh\u00e9sions et les renouvellements effectu\u00e9s apr\u00e8s le 15 novembre de chaque ann\u00e9e sont report\u00e9s \u00e0 l\u2019ann\u00e9e suivante (par exemple, si vous payez votre cotisation le 28 novembre 2025, votre adh\u00e9sion pour 2026 est automatiquement renouvel\u00e9e). Ainsi, si vous avez d\u00e9j\u00e0 renouvel\u00e9 votre adh\u00e9sion apr\u00e8s le 15 novembre de cette ann\u00e9e, mais que vous pr\u00e9sentez \u00e9galement une communication \u00e0 la conf\u00e9rence, vous pouvez r\u00e9gler les frais de conf\u00e9rence \u00ab non-pr\u00e9sentant \u00bb.<\/p>\n<p><img decoding=\"async\" loading=\"lazy\" class=\"alignnone size-full wp-image-1668\" src=\"http:\/\/acc-cca.ca\/wp-content\/uploads\/2026\/01\/Presenting-1-scaled.jpg\" alt=\"\" width=\"2542\" height=\"2560\" srcset=\"https:\/\/acc-cca.ca\/wp-content\/uploads\/2026\/01\/Presenting-1-scaled.jpg 2542w, https:\/\/acc-cca.ca\/wp-content\/uploads\/2026\/01\/Presenting-1-298x300.jpg 298w, https:\/\/acc-cca.ca\/wp-content\/uploads\/2026\/01\/Presenting-1-1017x1024.jpg 1017w, https:\/\/acc-cca.ca\/wp-content\/uploads\/2026\/01\/Presenting-1-150x150.jpg 150w, https:\/\/acc-cca.ca\/wp-content\/uploads\/2026\/01\/Presenting-1-768x774.jpg 768w, https:\/\/acc-cca.ca\/wp-content\/uploads\/2026\/01\/Presenting-1-1525x1536.jpg 1525w, https:\/\/acc-cca.ca\/wp-content\/uploads\/2026\/01\/Presenting-1-2033x2048.jpg 2033w, https:\/\/acc-cca.ca\/wp-content\/uploads\/2026\/01\/Presenting-1-700x705.jpg 700w, https:\/\/acc-cca.ca\/wp-content\/uploads\/2026\/01\/Presenting-1-2000x2014.jpg 2000w, https:\/\/acc-cca.ca\/wp-content\/uploads\/2026\/01\/Presenting-1-100x100.jpg 100w, https:\/\/acc-cca.ca\/wp-content\/uploads\/2026\/01\/Presenting-1-397x400.jpg 397w\" sizes=\"(max-width: 2542px) 100vw, 2542px\" \/><\/p>\n<form action=\"https:\/\/www.paypal.com\/cgi-bin\/webscr\" method=\"post\" target=\"_top\"><input name=\"cmd\" type=\"hidden\" value=\"_s-xclick\" \/><br \/>\n<input name=\"hosted_button_id\" type=\"hidden\" value=\"WP4DNHDAG5US2\" \/><\/p>\n<table>\n<tbody>\n<tr>\n<td><input name=\"on0\" type=\"hidden\" value=\"Presenting \/ Pr\u00e9santant\" \/><br \/>\nPresenting \/ Pr\u00e9santant<\/td>\n<\/tr>\n<tr>\n<td><select name=\"os0\"><option value=\"Students \/ \u00c9tudiant.e.s\">Students \/ \u00c9tudiant.e.s $85.00 CAD<\/option><option value=\"Black\/Indigenous Students \/ \u00e9tudiant.e.s Noir.e.s\/Autochton.ne.s\">Black\/Indigenous Students \/ \u00e9tudiant.e.s Noir.e.s\/Autochton.ne.s $35.00 CAD<\/option><option value=\"Retired \/ Retrait\u00e9.e.s\">Retired \/ Retrait\u00e9.e.s $135.00 CAD<\/option><option value=\"Contract Academic Faculty, etc. \/ Charg\u00e9.e.s de cours, etc.\">Contract Academic Faculty, etc. \/ Charg\u00e9.e.s de cours, etc. $155.00 CAD<\/option><option value=\"Regular \/ R\u00e9gulier \">Regular \/ R\u00e9gulier $340.00 CAD<\/option><option value=\"Regular (+ donation for stud.) \/ R\u00e9gulier (+ aide au \u00e9tud.)\">Regular (+ donation for stud.) \/ R\u00e9gulier (+ aide au \u00e9tud.) $355.00 CAD<\/option><option value=\"Community \/ Communaut\u00e9\">Community \/ Communaut\u00e9 $40.00 CAD<\/option><\/select><\/td>\n<\/tr>\n<\/tbody>\n<\/table>\n<p><input name=\"currency_code\" type=\"hidden\" value=\"CAD\" \/><br \/>\n<input title=\"PayPal - The safer, easier way to pay online!\" alt=\"Buy Now\" name=\"submit\" src=\"https:\/\/www.paypalobjects.com\/en_US\/i\/btn\/btn_paynowCC_LG.gif\" type=\"image\" \/><\/p>\n<\/form>\n<p><img decoding=\"async\" loading=\"lazy\" class=\"alignnone size-full wp-image-1670\" src=\"http:\/\/acc-cca.ca\/wp-content\/uploads\/2026\/01\/Non-presenting-scaled.jpg\" alt=\"\" width=\"2560\" height=\"2530\" srcset=\"https:\/\/acc-cca.ca\/wp-content\/uploads\/2026\/01\/Non-presenting-scaled.jpg 2560w, https:\/\/acc-cca.ca\/wp-content\/uploads\/2026\/01\/Non-presenting-300x296.jpg 300w, https:\/\/acc-cca.ca\/wp-content\/uploads\/2026\/01\/Non-presenting-1024x1012.jpg 1024w, https:\/\/acc-cca.ca\/wp-content\/uploads\/2026\/01\/Non-presenting-768x759.jpg 768w, https:\/\/acc-cca.ca\/wp-content\/uploads\/2026\/01\/Non-presenting-1536x1518.jpg 1536w, https:\/\/acc-cca.ca\/wp-content\/uploads\/2026\/01\/Non-presenting-2048x2024.jpg 2048w, https:\/\/acc-cca.ca\/wp-content\/uploads\/2026\/01\/Non-presenting-700x692.jpg 700w, https:\/\/acc-cca.ca\/wp-content\/uploads\/2026\/01\/Non-presenting-2000x1976.jpg 2000w, https:\/\/acc-cca.ca\/wp-content\/uploads\/2026\/01\/Non-presenting-100x100.jpg 100w, https:\/\/acc-cca.ca\/wp-content\/uploads\/2026\/01\/Non-presenting-405x400.jpg 405w\" sizes=\"(max-width: 2560px) 100vw, 2560px\" \/><\/p>\n<form action=\"https:\/\/www.paypal.com\/cgi-bin\/webscr\" method=\"post\" target=\"_top\"><input name=\"cmd\" type=\"hidden\" value=\"_s-xclick\" \/><br \/>\n<input name=\"hosted_button_id\" type=\"hidden\" value=\"KM5ZFTYZYM6BN\" \/><\/p>\n<table>\n<tbody>\n<tr>\n<td><input name=\"on0\" type=\"hidden\" value=\"Non-Presenting \/ Non-Pr\u00e9sentant \" \/><br \/>\nNon-Presenting \/ Non-Pr\u00e9sentant<\/td>\n<\/tr>\n<tr>\n<td><select name=\"os0\"><option value=\"Students \/ \u00c9tudiant.e.s\">Students \/ \u00c9tudiant.e.s $30.00 CAD<\/option><option value=\"Retired \/ Retrait\u00e9.e.s\">Retired \/ Retrait\u00e9.e.s $60.00 CAD<\/option><option value=\"Contract Academic Faculty,  etc. \/ Charg\u00e9.e.s de cours,  etc.\">Contract Academic Faculty, etc. \/ Charg\u00e9.e.s de cours, etc. $100.00 CAD<\/option><option value=\"Regular \/ R\u00e9gulier \">Regular \/ R\u00e9gulier $225.00 CAD<\/option><option value=\"Regular + donation for stud. \/ R\u00e9gulier + aide au \u00e9tud. \">Regular + donation for stud. \/ R\u00e9gulier + aide au \u00e9tud. $240.00 CAD<\/option><option value=\"Community \/ Communaut\u00e9\">Community \/ Communaut\u00e9 $25.00 CAD<\/option><\/select><\/td>\n<\/tr>\n<\/tbody>\n<\/table>\n<p><input name=\"currency_code\" type=\"hidden\" value=\"CAD\" \/><br \/>\n<input title=\"PayPal - The safer, easier way to pay online!\" alt=\"Buy Now\" name=\"submit\" src=\"https:\/\/www.paypalobjects.com\/en_US\/i\/btn\/btn_paynowCC_LG.gif\" type=\"image\" \/><\/p>\n<\/form>\n<p><img decoding=\"async\" loading=\"lazy\" class=\"alignnone size-full wp-image-1672\" src=\"http:\/\/acc-cca.ca\/wp-content\/uploads\/2026\/01\/Membership-only-scaled.jpg\" alt=\"\" width=\"2560\" height=\"1696\" srcset=\"https:\/\/acc-cca.ca\/wp-content\/uploads\/2026\/01\/Membership-only-scaled.jpg 2560w, https:\/\/acc-cca.ca\/wp-content\/uploads\/2026\/01\/Membership-only-300x199.jpg 300w, https:\/\/acc-cca.ca\/wp-content\/uploads\/2026\/01\/Membership-only-1024x678.jpg 1024w, https:\/\/acc-cca.ca\/wp-content\/uploads\/2026\/01\/Membership-only-768x509.jpg 768w, https:\/\/acc-cca.ca\/wp-content\/uploads\/2026\/01\/Membership-only-1536x1018.jpg 1536w, https:\/\/acc-cca.ca\/wp-content\/uploads\/2026\/01\/Membership-only-2048x1357.jpg 2048w, https:\/\/acc-cca.ca\/wp-content\/uploads\/2026\/01\/Membership-only-700x464.jpg 700w, https:\/\/acc-cca.ca\/wp-content\/uploads\/2026\/01\/Membership-only-2000x1325.jpg 2000w, https:\/\/acc-cca.ca\/wp-content\/uploads\/2026\/01\/Membership-only-604x400.jpg 604w\" sizes=\"(max-width: 2560px) 100vw, 2560px\" \/><\/p>\n<form action=\"https:\/\/www.paypal.com\/cgi-bin\/webscr\" method=\"post\" target=\"_top\"><input name=\"cmd\" type=\"hidden\" value=\"_s-xclick\" \/><br \/>\n<input name=\"hosted_button_id\" type=\"hidden\" value=\"SNWYNM2WJU4XU\" \/><\/p>\n<table>\n<tbody>\n<tr>\n<td><input name=\"on0\" type=\"hidden\" value=\"Membership-Only \/ Adh\u00e9sion uniquement\" \/><br \/>\nMembership-Only \/ Adh\u00e9sion uniquement<\/td>\n<\/tr>\n<tr>\n<td><select name=\"os0\"><option value=\"Students \/ \u00c9tudiant.e.s\">Students \/ \u00c9tudiant.e.s $35.00 CAD<\/option><option value=\"Retired \/ Retrait\u00e9.e.s\">Retired \/ Retrait\u00e9.e.s $75.00 CAD<\/option><option value=\"Contract Academic Faculty, etc. \/ Charg\u00e9.e.s de cours, etc.\">Contract Academic Faculty, etc. \/ Charg\u00e9.e.s de cours, etc. $55.00 CAD<\/option><option value=\"Regular \/ R\u00e9gulier \">Regular \/ R\u00e9gulier $115.00 CAD<\/option><\/select><\/td>\n<\/tr>\n<\/tbody>\n<\/table>\n<p><input name=\"currency_code\" type=\"hidden\" value=\"CAD\" \/><br \/>\n<input title=\"PayPal - The safer, easier way to pay online!\" alt=\"Buy Now\" name=\"submit\" src=\"https:\/\/www.paypalobjects.com\/en_US\/i\/btn\/btn_paynowCC_LG.gif\" type=\"image\" \/><\/p>\n<\/form>\n<h4><strong>Avantages \/\u00a0<\/strong><strong>Benefits<\/strong><\/h4>\n<p>La possibilit\u00e9 de pr\u00e9senter au colloque annuel est l&#8217;un des avantages les plus tangibles de l&#8217;adh\u00e9sion \u00e0 l&#8217;Association canadienne de communication. La revue <em>Canadian Journal of Communication<\/em>\u00a0offre \u00e9galement aux membres de l&#8217;ACC une r\u00e9duction sur le co\u00fbt de l&#8217;abonnement annuel. L&#8217;ACC joue un r\u00f4le crucial dans\u00a0le soutien et la formation des \u00e9tudiant et \u00e9tudiantes aux cycles sup\u00e9rieurs, dans le r\u00e9seautage bilingue et dans la diffusion de la recherche. De plus, l\u2019ACC favorise la visibilit\u00e9 des chercheur et chercheurs canadiens en communication dans la sph\u00e8re publique canadienne et internationale.<\/p>\n<p>&#8212;<\/p>\n<p>Presenting at the annual conference is the first and most tangible benefit of membership in the CCA. The <em>Canadian Journal of Communication<\/em> offers a reduced subscription rate to members. We play an important role in mentoring and supporting graduate students, providing bilingual networking opportunities, circulating research, and raising the public profile of Canadian communication scholars, both in Canadian public discourse and internationally.<\/p>\n","protected":false},"excerpt":{"rendered":"<p>For the 2026 conference, the CCA has combined what had previously been separate membership and conference registration fees. The membership portion of the fees helps sustain CCA as an organization and the conference registration portion covers the costs of hosting a conference. There are three fee categories: presenting (includes membership), non-presenting, and membership only. Everyone &hellip; <a href=\"https:\/\/acc-cca.ca\/index.php\/membership-adhesion\/\" class=\"more-link\">Continue reading <span class=\"screen-reader-text\">Membership &#038; Conference Registration \u2022 Adh\u00e9sion et Frais d&#8217;inscription \u00e0 la conf\u00e9rence<\/span> <span class=\"meta-nav\">&rarr;<\/span><\/a><\/p>\n","protected":false},"author":1,"featured_media":0,"parent":0,"menu_order":0,"comment_status":"closed","ping_status":"closed","template":"","meta":{"ub_ctt_via":""},"featured_image_src":null,"_links":{"self":[{"href":"https:\/\/acc-cca.ca\/index.php\/wp-json\/wp\/v2\/pages\/15"}],"collection":[{"href":"https:\/\/acc-cca.ca\/index.php\/wp-json\/wp\/v2\/pages"}],"about":[{"href":"https:\/\/acc-cca.ca\/index.php\/wp-json\/wp\/v2\/types\/page"}],"author":[{"embeddable":true,"href":"https:\/\/acc-cca.ca\/index.php\/wp-json\/wp\/v2\/users\/1"}],"replies":[{"embeddable":true,"href":"https:\/\/acc-cca.ca\/index.php\/wp-json\/wp\/v2\/comments?post=15"}],"version-history":[{"count":41,"href":"https:\/\/acc-cca.ca\/index.php\/wp-json\/wp\/v2\/pages\/15\/revisions"}],"predecessor-version":[{"id":1750,"href":"https:\/\/acc-cca.ca\/index.php\/wp-json\/wp\/v2\/pages\/15\/revisions\/1750"}],"wp:attachment":[{"href":"https:\/\/acc-cca.ca\/index.php\/wp-json\/wp\/v2\/media?parent=15"}],"curies":[{"name":"wp","href":"https:\/\/api.w.org\/{rel}","templated":true}]}}