{"id":1628,"date":"2025-11-15T19:16:41","date_gmt":"2025-11-15T19:16:41","guid":{"rendered":"https:\/\/acc-cca.ca\/?page_id=1628"},"modified":"2026-03-24T16:43:48","modified_gmt":"2026-03-24T16:43:48","slug":"cca-2026-conference-details","status":"publish","type":"page","link":"https:\/\/acc-cca.ca\/index.php\/conference\/cca-2026-june-2-4-windsor\/cca-2026-conference-details\/","title":{"rendered":"CCA 2026 Travel &#038; Accommodations"},"content":{"rendered":"\n<p class=\"has-medium-font-size\">Information about travel and accommodations is below. Information about conference registration is available on the <a href=\"https:\/\/acc-cca.ca\/index.php\/membership-adhesion\/\"><mark style=\"background-color:rgba(0, 0, 0, 0)\" class=\"has-inline-color has-vivid-cyan-blue-color\">Membership &amp; Conference Registration page<\/mark><\/a>. <\/p>\n\n\n\n<p class=\"has-medium-font-size\">\/<\/p>\n\n\n\n<p class=\"has-medium-font-size\">Vous trouverez ci-dessous des informations sur l&#8217;h\u00e9bergement et les transports. Les informations concernant l&#8217;inscription \u00e0 la conf\u00e9rence sont <a href=\"https:\/\/acc-cca.ca\/index.php\/membership-adhesion\/\"><mark style=\"background-color:rgba(0, 0, 0, 0)\" class=\"has-inline-color has-vivid-cyan-blue-color\">disponibles ici<\/mark><\/a>.<\/p>\n\n\n\n<h2 class=\"wp-block-heading\"><\/h2>\n\n\n\n<div class=\"wp-block-file\"><object class=\"wp-block-file__embed\" data=\"https:\/\/acc-cca.ca\/wp-content\/uploads\/2026\/01\/Accomodations-and-Travel-1.pdf\" type=\"application\/pdf\" style=\"width:100%;height:600px\" aria-label=\"Embed of Accomodations-and-Travel-1.\"><\/object><a id=\"wp-block-file--media-aa25d6e6-ba81-4ff5-b735-b2a4b440944a\" href=\"https:\/\/acc-cca.ca\/wp-content\/uploads\/2026\/01\/Accomodations-and-Travel-1.pdf\">Accomodations-and-Travel-1<\/a><a href=\"https:\/\/acc-cca.ca\/wp-content\/uploads\/2026\/01\/Accomodations-and-Travel-1.pdf\" class=\"wp-block-file__button wp-element-button\" download aria-describedby=\"wp-block-file--media-aa25d6e6-ba81-4ff5-b735-b2a4b440944a\">Download<\/a><\/div>\n\n\n\n<p class=\"has-medium-font-size\"><\/p>\n\n\n\n<p><\/p>\n","protected":false},"excerpt":{"rendered":"<p>Information about travel and accommodations is below. Information about conference registration is available on the Membership &amp; Conference Registration page. \/ Vous trouverez ci-dessous des informations sur l&#8217;h\u00e9bergement et les transports. Les informations concernant l&#8217;inscription \u00e0 la conf\u00e9rence sont disponibles ici.<\/p>\n","protected":false},"author":1,"featured_media":0,"parent":1605,"menu_order":0,"comment_status":"closed","ping_status":"closed","template":"","meta":{"ub_ctt_via":""},"featured_image_src":null,"_links":{"self":[{"href":"https:\/\/acc-cca.ca\/index.php\/wp-json\/wp\/v2\/pages\/1628"}],"collection":[{"href":"https:\/\/acc-cca.ca\/index.php\/wp-json\/wp\/v2\/pages"}],"about":[{"href":"https:\/\/acc-cca.ca\/index.php\/wp-json\/wp\/v2\/types\/page"}],"author":[{"embeddable":true,"href":"https:\/\/acc-cca.ca\/index.php\/wp-json\/wp\/v2\/users\/1"}],"replies":[{"embeddable":true,"href":"https:\/\/acc-cca.ca\/index.php\/wp-json\/wp\/v2\/comments?post=1628"}],"version-history":[{"count":17,"href":"https:\/\/acc-cca.ca\/index.php\/wp-json\/wp\/v2\/pages\/1628\/revisions"}],"predecessor-version":[{"id":1746,"href":"https:\/\/acc-cca.ca\/index.php\/wp-json\/wp\/v2\/pages\/1628\/revisions\/1746"}],"up":[{"embeddable":true,"href":"https:\/\/acc-cca.ca\/index.php\/wp-json\/wp\/v2\/pages\/1605"}],"wp:attachment":[{"href":"https:\/\/acc-cca.ca\/index.php\/wp-json\/wp\/v2\/media?parent=1628"}],"curies":[{"name":"wp","href":"https:\/\/api.w.org\/{rel}","templated":true}]}}