{"id":21,"date":"2018-07-18T19:36:29","date_gmt":"2018-07-18T19:36:29","guid":{"rendered":"http:\/\/acc-cca.ca\/?page_id=21"},"modified":"2025-12-16T18:53:42","modified_gmt":"2025-12-16T18:53:42","slug":"student-funding-remboursement-pour-etudiant-e-s","status":"publish","type":"page","link":"https:\/\/acc-cca.ca\/index.php\/conference\/cca-2026-june-2-4-windsor\/student-funding-remboursement-pour-etudiant-e-s\/","title":{"rendered":"Student funding \u2022 Remboursement pour \u00e9tudiant.e.s"},"content":{"rendered":"\n<p><strong>Student Conference Reimbursement \/ <\/strong><strong>Remboursement des conf\u00e9rences \u00e9tudiant.e.s<\/strong><\/p>\n\n\n\n<p>The Canadian Communication Association has limited funds available to help defray the costs of student members of the CCA who are presenting papers at the CCA Annual Conference. The funds will be disbursed as fairly as possible depending upon the number of requests.<\/p>\n\n\n\n<p>We do not reimburse until after the conference and once both the application form and receipts have been forwarded. Normally, we are able to reimburse a small to modest amount (that varies by year) of expenses for travel, accommodation, and registration only. Students are expected to seek out the most economical travel and accommodation arrangements. Only CCA members in good standing who attended the CCA conference are eligible to receive reimbursements. Reimbursements will not be provided for applications that do not include a Congress registration receipt showing CCA registration.<\/p>\n\n\n\n<p><strong>**The application window for 2025 has now closed<\/strong>.** <\/p>\n\n\n\n<p>\/\/<\/p>\n\n\n\n<p>L&#8217;Association canadienne de la communication dispose de fonds limit\u00e9s pour aider \u00e0 couvrir les frais des membres \u00e9tudiant.e.s qui pr\u00e9sentent des articles ayant particip\u00e9 au congr\u00e8s de l&#8217;ACC. Les fonds seront d\u00e9caiss\u00e9s le plus \u00e9quitablement possible en fonction du nombre de demandes.<\/p>\n\n\n\n<p>Nous ne remboursons qu&#8217;apr\u00e8s la conf\u00e9rence et une fois que le formulaire de candidature et les re\u00e7us ont \u00e9t\u00e9 envoy\u00e9s. Normalement, nous sommes en mesure de rembourser un montant faible \u00e0 modeste (qui varie selon l&#8217;ann\u00e9e) des frais de d\u00e9placement, d&#8217;h\u00e9bergement et d&#8217;inscription uniquement. Les \u00e9tudiant.e.s sont cens\u00e9s rechercher les modalit\u00e9s de voyage et d&#8217;h\u00e9bergement les plus \u00e9conomiques. Seuls les membres en r\u00e8gle de l\u2019ACC sont admissibles aux remboursements. Aucun remboursement ne sera accord\u00e9 pour les candidatures qui n&#8217;incluent pas un re\u00e7u du Congr\u00e8s 2025 attestant de l&#8217;inscription \u00e0 l&#8217;ACC.<\/p>\n\n\n\n<p><strong>**Le fen\u00eatre de candidature pour 2025 est d\u00e9sormais ferm\u00e9e.<\/strong>**<\/p>\n\n\n\n<hr class=\"wp-block-separator has-alpha-channel-opacity\"\/>\n\n\n\n<p><strong>General information<\/strong>&nbsp;\/&nbsp;<strong>informations g\u00e9n\u00e9rales<\/strong><\/p>\n\n\n\n<p>Le montant sera \u00e9tabli \u00e0 partir du total des d\u00e9penses pour lesquelles vous avez fourni des&nbsp;re\u00e7us originaux. Seuls les \u00e9tudiants&nbsp;membres en r\u00e8gle de l\u2019ACC&nbsp;ayant particip\u00e9 au congr\u00e8s de l&#8217;ACC sont admissibles au remboursement partiel des frais li\u00e9s \u00e0 leur participation au colloque. Aucun remboursement ne sera fourni&nbsp;pour des demandes qui n\u2019incluront pas un re\u00e7u du Congr\u00e8s 2025 attestant de l&#8217;inscription \u00e0 l&#8217;ACC.<\/p>\n\n\n\n<p>Si vous avez partag\u00e9 une chambre de r\u00e9sidence ou d\u2019h\u00f4tel, le re\u00e7u doit indiquer que c\u2019est bien vous qui avez pay\u00e9 la chambre<strong>.&nbsp;<\/strong>En ce qui concerne le transport par avion, il faut fournir les cartes d\u2019embarquementpour tous les vols<strong>.<\/strong>&nbsp;Pour un d\u00e9placement en train ou en autobus, seuls les&nbsp;billets-re\u00e7us officiels seront accept\u00e9s<strong>.<\/strong>&nbsp;Les documents (courriels ou autres) de confirmation de r\u00e9servation ne seront pas consid\u00e9r\u00e9s.<\/p>\n\n\n\n<p>Veuillez noter que l\u2019ACC&nbsp;ne rembourse pas:<\/p>\n\n\n\n<ul>\n<li>les repas et les consommations;<\/li>\n\n\n\n<li>les d\u00e9penses d\u2019essence du domicile au lieu de d\u00e9part (a\u00e9roport, gare ferroviaire ou gare routi\u00e8re) et du lieu de retour au domicile;<\/li>\n\n\n\n<li>les d\u00e9penses d\u2019essence entre le domicile et le lieu du colloque ou entre le lieu d\u2019h\u00e9bergement et le lieu du colloque;<\/li>\n\n\n\n<li>les d\u00e9penses de stationnement;<\/li>\n\n\n\n<li>les frais de transport indirects;<\/li>\n\n\n\n<li>les frais des autres associations;<\/li>\n\n\n\n<li>les frais d\u2019adh\u00e9sion annuels \u00e0 l\u2019ACC.<\/li>\n<\/ul>\n\n\n\n<p>Le remboursement se limite aux dates de tenue du colloque annuel de l\u2019ACC.<\/p>\n\n\n\n<p>Le&nbsp;formulaire de demande en ligne&nbsp;sera ouvert jusqu\u2019au 15 juillet et les remboursements seront \u00e9mis fin de juillet.<\/p>\n\n\n\n<p>\/\/<\/p>\n\n\n\n<p>Students are expected to seek out the most economical travel and accommodation arrangements. Only CCA members in good standing who attended the CCA conference are eligible to receive reimbursements. Reimbursements will not be provided for applications that do not include a Congress registration receipt showing CCA registration.<\/p>\n\n\n\n<p>Receipts must also be provided for all expenses claimed. Since we reimburse a percentage of your costs, it is necessary to submit all relevant receipts. If accommodation is shared, the payment receipt needs to show that the student paid for the room. Boarding passes must be included for every portion of a flight.<\/p>\n\n\n\n<p>The CCA does not provide reimbursements for:<\/p>\n\n\n\n<ul>\n<li>food, beverage and meal-related expenses;<\/li>\n\n\n\n<li>fuel costs to and\/or from the applicant\u2019s departure\/arrival terminal;<\/li>\n\n\n\n<li>fuel costs to and\/or from the conference;<\/li>\n\n\n\n<li>parking-related expenses;<\/li>\n\n\n\n<li>non-direct transportation costs;<\/li>\n\n\n\n<li>other associations\u2019 conference fees;<\/li>\n\n\n\n<li>annual CCA membership fees.<\/li>\n<\/ul>\n\n\n\n<p>Partial reimbursements for accommodation expenses are provided only for dates that correspond with those of the CCA annual conference.<\/p>\n\n\n\n<p>The&nbsp;online application form&nbsp;will be open until July 15 and reimbursements will be issued in late July.<\/p>\n","protected":false},"excerpt":{"rendered":"<p>Student Conference Reimbursement \/ Remboursement des conf\u00e9rences \u00e9tudiant.e.s The Canadian Communication Association has limited funds available to help defray the costs of student members of the CCA who are presenting papers at the CCA Annual Conference. The funds will be disbursed as fairly as possible depending upon the number of requests. We do not reimburse &hellip; <a href=\"https:\/\/acc-cca.ca\/index.php\/conference\/cca-2026-june-2-4-windsor\/student-funding-remboursement-pour-etudiant-e-s\/\" class=\"more-link\">Continue reading <span class=\"screen-reader-text\">Student funding \u2022 Remboursement pour \u00e9tudiant.e.s<\/span> <span class=\"meta-nav\">&rarr;<\/span><\/a><\/p>\n","protected":false},"author":1,"featured_media":0,"parent":1605,"menu_order":1,"comment_status":"closed","ping_status":"closed","template":"","meta":{"ub_ctt_via":""},"featured_image_src":null,"_links":{"self":[{"href":"https:\/\/acc-cca.ca\/index.php\/wp-json\/wp\/v2\/pages\/21"}],"collection":[{"href":"https:\/\/acc-cca.ca\/index.php\/wp-json\/wp\/v2\/pages"}],"about":[{"href":"https:\/\/acc-cca.ca\/index.php\/wp-json\/wp\/v2\/types\/page"}],"author":[{"embeddable":true,"href":"https:\/\/acc-cca.ca\/index.php\/wp-json\/wp\/v2\/users\/1"}],"replies":[{"embeddable":true,"href":"https:\/\/acc-cca.ca\/index.php\/wp-json\/wp\/v2\/comments?post=21"}],"version-history":[{"count":18,"href":"https:\/\/acc-cca.ca\/index.php\/wp-json\/wp\/v2\/pages\/21\/revisions"}],"predecessor-version":[{"id":1650,"href":"https:\/\/acc-cca.ca\/index.php\/wp-json\/wp\/v2\/pages\/21\/revisions\/1650"}],"up":[{"embeddable":true,"href":"https:\/\/acc-cca.ca\/index.php\/wp-json\/wp\/v2\/pages\/1605"}],"wp:attachment":[{"href":"https:\/\/acc-cca.ca\/index.php\/wp-json\/wp\/v2\/media?parent=21"}],"curies":[{"name":"wp","href":"https:\/\/api.w.org\/{rel}","templated":true}]}}