{"id":23,"date":"2018-07-18T19:36:44","date_gmt":"2018-07-18T19:36:44","guid":{"rendered":"http:\/\/acc-cca.ca\/?page_id=23"},"modified":"2024-06-24T18:24:21","modified_gmt":"2024-06-24T18:24:21","slug":"conference","status":"publish","type":"page","link":"https:\/\/acc-cca.ca\/index.php\/conference\/","title":{"rendered":"Conference \u2022 Colloque"},"content":{"rendered":"\n<p>The CCA&#8217;s annual conference takes place each year during the <a href=\"http:\/\/www.ideas-idees.ca\/events\/congress\" target=\"_blank\" rel=\"noreferrer noopener\">Congress of the Humanities and Social Sciences<\/a>, at the end of May\/early June. The call for papers is released in the Fall of the previous year.<\/p>\n\n\n\n<hr class=\"wp-block-separator\"\/>\n\n\n\n<p>Le colloque annuel de l&#8217;ACC se tient chaque ann\u00e9e durant le <a rel=\"noreferrer noopener\" href=\"http:\/\/www.idees-ideas.ca\/evenements\/congres\" target=\"_blank\">Congr\u00e8s des sciences humaines<\/a>, en fin mai\/d\u00e9but juin. L&#8217;appel aux propositions est circul\u00e9 l&#8217;automne pr\u00e9c\u00e9dent.<\/p>\n","protected":false},"excerpt":{"rendered":"<p>The CCA&#8217;s annual conference takes place each year during the Congress of the Humanities and Social Sciences, at the end of May\/early June. The call for papers is released in the Fall of the previous year. Le colloque annuel de l&#8217;ACC se tient chaque ann\u00e9e durant le Congr\u00e8s des sciences humaines, en fin mai\/d\u00e9but juin. &hellip; <a href=\"https:\/\/acc-cca.ca\/index.php\/conference\/\" class=\"more-link\">Continue reading <span class=\"screen-reader-text\">Conference \u2022 Colloque<\/span> <span class=\"meta-nav\">&rarr;<\/span><\/a><\/p>\n","protected":false},"author":1,"featured_media":0,"parent":0,"menu_order":0,"comment_status":"closed","ping_status":"closed","template":"","meta":{"ub_ctt_via":""},"featured_image_src":null,"_links":{"self":[{"href":"https:\/\/acc-cca.ca\/index.php\/wp-json\/wp\/v2\/pages\/23"}],"collection":[{"href":"https:\/\/acc-cca.ca\/index.php\/wp-json\/wp\/v2\/pages"}],"about":[{"href":"https:\/\/acc-cca.ca\/index.php\/wp-json\/wp\/v2\/types\/page"}],"author":[{"embeddable":true,"href":"https:\/\/acc-cca.ca\/index.php\/wp-json\/wp\/v2\/users\/1"}],"replies":[{"embeddable":true,"href":"https:\/\/acc-cca.ca\/index.php\/wp-json\/wp\/v2\/comments?post=23"}],"version-history":[{"count":21,"href":"https:\/\/acc-cca.ca\/index.php\/wp-json\/wp\/v2\/pages\/23\/revisions"}],"predecessor-version":[{"id":1383,"href":"https:\/\/acc-cca.ca\/index.php\/wp-json\/wp\/v2\/pages\/23\/revisions\/1383"}],"wp:attachment":[{"href":"https:\/\/acc-cca.ca\/index.php\/wp-json\/wp\/v2\/media?parent=23"}],"curies":[{"name":"wp","href":"https:\/\/api.w.org\/{rel}","templated":true}]}}