{"id":441,"date":"2020-10-06T22:04:34","date_gmt":"2020-10-06T22:04:34","guid":{"rendered":"http:\/\/acc-cca.ca\/?page_id=441"},"modified":"2024-06-24T18:26:41","modified_gmt":"2024-06-24T18:26:41","slug":"2023-conference","status":"publish","type":"page","link":"https:\/\/acc-cca.ca\/index.php\/conference\/previous-conference-keynotes-programs\/2023-conference\/","title":{"rendered":"CCA 2023 \/\/ May 30\u2013June 2 \/\/ York University"},"content":{"rendered":"\n<p><\/p>\n\n\n\n<h2 class=\"wp-block-heading\">Conference Roundup<\/h2>\n\n\n\n<p>Dear CCA members,<\/p>\n\n\n\n<p>We wish to thank everyone for their participation to CCA23 at York University last week. It was our first in-person conference since 2019, providing an opportunity for many to reconnect. We were thrilled to witness everyone\u2019s enthusiasm in sharing their work at CCA. As is the tradition, here is a roundup of our conference this year.<\/p>\n\n\n\n<ul>\n<li>CCA23 annual conference showcased 297 papers, 77 panels, and 15 Roundtables\u2014434 presenters (!) in total. This was one of our largest annual conference.<\/li>\n\n\n\n<li>I would like to extend, on behalf of everybody at CCA, our deepest appreciation to Faiza Hirji, the Conference Chair and Vice-President, and Anne MacLennan, the Local Arrangements Coordinator and Member-at-large, for their incredible dedication and meticulous efforts in organizing the 2023 CCA.<\/li>\n\n\n\n<li>A warm thank to Dr. Paula Chakravartty (NYU) for delivering the 2023 keynote address \u201c<em>Decolonization and the Contestation of the Global Color Line<\/em>.\u201d<\/li>\n\n\n\n<li>Congratulations to all newly elected members of the Board: Nathan Rambukkana (treasurer); and Milena Droumeva, Kirsten Emiko McAllister and Henry Adam Svec (members-at-large); and graduate student representative Amanda Zanco. A heartfelt thank you to our outgoing Board members : Tamara Shepherd (treasurer), Alison Harvey, Karen Louise Smith and Cheryl Thompson (members-at-large). We thank you for your contributions to CCA over the past years.<\/li>\n\n\n\n<li>Congratulations to CCA\u2019s 2023 annual prize winners for their outstanding work:<\/li>\n\n\n\n<li>Congress-CCA Graduate Merit Awards: Lauren Knight (University of Toronto) <em>Sounding Sidewalks: Historicizing and Theorizing this Medial Zone<\/em>. Shannon Lodoen (University of Waterloo) <em>Analyzing Smartphones as Persuasive Technologies: A Rhetorical Framework<\/em><\/li>\n\n\n\n<li>CCA Outstanding Student Essay Prize: Kit Chokly (McGill) <em>Networked note-taking as feminist research method<\/em><\/li>\n\n\n\n<li>CCA-CRTC Prize: Winner in the MA category: Mandy Maier (Mount Saint Vincent University), <em>Public Warning: A Critical Juncture for Canada\u2019s National Public Alerting System<\/em>; winners in the PhD category : Sydney Forde, Erika Solis and Yasemin Beykont (Pennsylvania State University)<em> Digital Disregard: A Case for Amending Quebec\u2019s Children Advertising Legislation<\/em><\/li>\n\n\n\n<li>Congratulations to all the nominees for the Gertrude J. Robinson Book Prize, and to this year\u2019s prize winner Jonathan Sterne, for <em>Diminished Faculties: A Political Phenomenology of Impairment<\/em> (Duke University Press).<\/li>\n\n\n\n<li>We are so pleased to announce that the winner of the inaugural Emerging Scholar Book Prize with the CCA has been awarded last week to Est\u00e9e Fresco for her book <em>Red Mitten Nationalism: Sport, Commercialism, and Settler Colonialism in Canada<\/em> (McGill-Queen\u2019s University Press)<\/li>\n\n\n\n<li>We are excited to see you next year for CCA at Congress 2024, which will be held at McGill University in Montr\u00e9al.<\/li>\n<\/ul>\n\n\n\n<p>\u2013<\/p>\n\n\n\n<p>Nous souhaitons remercier tout le monde pour leur participation \u00e0 l\u2019ACC23 \u00e0 l\u2019Universit\u00e9 York la semaine derni\u00e8re. Il s\u2019agissait de notre premi\u00e8re conf\u00e9rence en personne depuis 2019, ce qui a permis \u00e0 de nombreuses personnes de reprendre contact. Nous avons \u00e9t\u00e9 ravi.e.s de constater l\u2019enthousiasme de chacun \u00e0 partager son travail \u00e0 l\u2019ACC. Comme le veut la tradition, voici un r\u00e9sum\u00e9 de notre conf\u00e9rence de cette ann\u00e9e.&nbsp;<\/p>\n\n\n\n<ul>\n<li>La conf\u00e9rence annuelle a compt\u00e9 297 communications, 77 panels et 15 tables rondes, soit un total de 434 pr\u00e9sentateurs.trices (!). Il s\u2019agit de l\u2019un de nos plus grands colloques.<\/li>\n\n\n\n<li>Je tiens \u00e0 exprimer, en notre nom \u00e0 tous, notre profonde gratitude \u00e0 Faiza Hirji, pr\u00e9sidente de la conf\u00e9rence et vice-pr\u00e9sidente, et \u00e0 Anne MacLennan, coordinatrice des arrangements locaux, pour leur incroyable d\u00e9vouement et leurs efforts m\u00e9ticuleux dans l\u2019organisation de l\u2019ACC23.<\/li>\n\n\n\n<li>Nous remercions chaleureusement la professeure Paula Chakravartty (NYU) d\u2019avoir prononc\u00e9 le conf\u00e9rence pl\u00e9ni\u00e8rel de 2023 \u201cDecolonization and the Contestation of the Global Color Line\u201d<\/li>\n\n\n\n<li>F\u00e9licitations \u00e0 tous.tes les membres nouvellement \u00e9lu.e.s du conseil d\u2019administration : Nathan Rambukkana (tr\u00e9sorier), Milena Droumeva, Kirsten Emiko McAllister and Henry Adam Svec (membres) et Amanda Zanco, repr\u00e9sentante des \u00e9tudiant.e.s aux cycles sup\u00e9r. Nous remercions chaleureusement les membres sortantes du conseil d\u2019administration : Tamara Shepherd (tr\u00e9sori\u00e8re), Alison Harvey, Karen Louise Smith et Cheryl Thompson (membres \u00e0 titre individuel). Nous vous remercions pour votre contribution \u00e0 l\u2019ACC au cours de ces derni\u00e8res ann\u00e9es.<\/li>\n\n\n\n<li>F\u00e9licitations aux laur\u00e9ats du prix annuel 2023 de l\u2019ACC :<\/li>\n\n\n\n<li>Prix du m\u00e9rite du Congr\u00e8s-CCA : Lauren Knight (Universit\u00e9 de Toronto) Sounding Sidewalks : Historiser et th\u00e9oriser cette zone m\u00e9diane. Shannon Lodoen (Universit\u00e9 de Waterloo) Analyzing Smartphones as Persuasive Technologies : Un cadre rh\u00e9torique<\/li>\n\n\n\n<li>Prix de la meilleure communication \u00e9tudiante de l\u2019ACC : Kit Chokly (McGill) <em>Networked note-taking as feminist research method<\/em><\/li>\n\n\n\n<li>Prix CCA-CRTC : Gagnant dans la cat\u00e9gorie MA : Mandy Maier (Mount Saint Vincent University), Public Warning : A Critical Juncture for Canada\u2019s National Public Alerting System ; laur\u00e9ats dans la cat\u00e9gorie PhD : Sydney Forde, Erika Solis et Yasemin Beykont (Pennsylvania State University) Digital Disregard : Un argument en faveur de la modification de la l\u00e9gislation qu\u00e9b\u00e9coise sur la publicit\u00e9 destin\u00e9e aux enfants<\/li>\n\n\n\n<li>F\u00e9licitations \u00e0 tou.tes les candidat.e.s au prix du livre Gertrude J. Robinson et au laur\u00e9at de cette ann\u00e9e, Jonathan Sterne, pour <em>Diminished Faculties : A Political Phenomenology of Impairment<\/em> (Duke University Press).<\/li>\n\n\n\n<li>Nous avons le plaisir d\u2019annoncer que le prix inaugural du Prix du livre de la Rel\u00e8ve de l\u2019ACC a \u00e9t\u00e9 d\u00e9cern\u00e9 la semaine derni\u00e8re \u00e0 Estee Fresco pour son livre <em>Red Mitten Nationalism: Sport, Commercialism, and Settler Colonialism in Canada<\/em><\/li>\n\n\n\n<li>Au plaisir de vous retrouver l\u2019ann\u00e9e prochaine au Congr\u00e8s 2024 de l\u2019ACC, qui se tiendra \u00e0 l\u2019Universit\u00e9 McGill, \u00e0 Montr\u00e9al.<\/li>\n<\/ul>\n\n\n\n<p>\/\/<\/p>\n\n\n\n<h2 class=\"wp-block-heading\">Final Conference Program &amp; Schedule<\/h2>\n\n\n\n<p>We&#8217;re delighted to share the following materials:<\/p>\n\n\n\n<ul>\n<li>The official <a rel=\"noreferrer noopener\" href=\"https:\/\/acc-cca.ca\/wp-content\/uploads\/2023\/05\/CCA23-Official-Program.pdf\" target=\"_blank\"><strong>CCA23 conference&nbsp;program<\/strong><\/a>.<\/li>\n\n\n\n<li>The final<strong> <\/strong><a rel=\"noreferrer noopener\" href=\"https:\/\/www.openconf.org\/cca2023\/openconf.php\" target=\"_blank\"><strong>conference schedule<\/strong><\/a>.<\/li>\n\n\n\n<li>Some handy <a rel=\"noreferrer noopener\" href=\"https:\/\/acc-cca.ca\/wp-content\/uploads\/2023\/05\/CCA23-Instructions-for-Panel-Chairs_bilingual.pdf\" target=\"_blank\"><strong>tips for session chairs<\/strong><\/a>.<\/li>\n<\/ul>\n\n\n\n<p><strong>As a reminder,<\/strong> in order to participate in CCA23, please ensure that you are <a href=\"https:\/\/www.federationhss.ca\/en\/congress\/congress-2023\/register\" target=\"_blank\" rel=\"noreferrer noopener\">registered for Congress<\/a> and have paid your&nbsp;<a href=\"https:\/\/can01.safelinks.protection.outlook.com\/?url=https%3A%2F%2Facc-cca.ca%2Findex.php%2Fmembership-adhesion%2F&amp;data=05%7C01%7CLiamCYoung%40cunet.carleton.ca%7Ce577533f8c074815000908db4d8b773a%7C6ad91895de06485ebc51fce126cc8530%7C0%7C0%7C638189034417317462%7CUnknown%7CTWFpbGZsb3d8eyJWIjoiMC4wLjAwMDAiLCJQIjoiV2luMzIiLCJBTiI6Ik1haWwiLCJXVCI6Mn0%3D%7C3000%7C%7C%7C&amp;sdata=9atesq2FuQ7VGSk25oHClGqC9p76DNEmLYpfWkAczfE%3D&amp;reserved=0\" target=\"_blank\" rel=\"noreferrer noopener\">CCA membership dues.<\/a><\/p>\n\n\n\n<p><strong>This year&#8217;s<\/strong>&nbsp;<strong>keynote,&nbsp;<\/strong>&#8220;Decolonization and Contesting the Global Color Line,&#8221;<strong><em>&nbsp;<\/em><\/strong>will be delivered by <a href=\"https:\/\/steinhardt.nyu.edu\/people\/paula-chakravartty\" data-type=\"URL\" data-id=\"https:\/\/steinhardt.nyu.edu\/people\/paula-chakravartty\" target=\"_blank\" rel=\"noreferrer noopener\">Paula Chakravartty<\/a>, James Weldon Johnson Associate Professor, NYU. All Congress 2023 registrants can attend.&nbsp;<\/p>\n\n\n\n<p>We look forward to seeing many of you at the conference!<\/p>\n\n\n\n<p>&#8211;<br><br>Nous sommes heureux de partager les informations suivantes:<\/p>\n\n\n\n<ul>\n<li>Le programme officiel <a rel=\"noreferrer noopener\" href=\"https:\/\/acc-cca.ca\/wp-content\/uploads\/2023\/05\/CCA23-Official-Program.pdf\" target=\"_blank\"><strong>de la conf\u00e9rence&nbsp;ACC 2023<\/strong><\/a><\/li>\n\n\n\n<li><strong><a rel=\"noreferrer noopener\" href=\"https:\/\/www.openconf.org\/cca2023\/openconf.php\" target=\"_blank\">L&#8217;horaire de la conf\u00e9rence<\/a><\/strong> <\/li>\n\n\n\n<li><a rel=\"noreferrer noopener\" href=\"https:\/\/acc-cca.ca\/wp-content\/uploads\/2023\/05\/CCA23-Instructions-for-Panel-Chairs_bilingual.pdf\" target=\"_blank\"><strong>Conseils pratiques pour les pr\u00e9sidents de session<\/strong><\/a>.<\/li>\n<\/ul>\n\n\n\n<p>Nous vous rappelons que pour participer \u00e0 l\u2019ACC 2023, vous devez \u00eatre inscrit.e au Congr\u00e8s (<a href=\"https:\/\/www.federationhss.ca\/en\/congress\/congress-2023\/register\">https:\/\/www.federationhss.ca\/en\/congress\/congress-2023\/register<\/a>) et avoir pay\u00e9 votre cotisation \u00e0 l&#8217;ACC :&nbsp;<a href=\"https:\/\/acc-cca.ca\/index.php\/membership-adhesion\/\">https:\/\/acc-cca.ca\/index.php\/membership-adhesion\/<\/a>.<\/p>\n\n\n\n<p id=\"block-b172a4ab-7296-43da-978d-429ab16d4814\">Cette ann\u00e9e, la&nbsp;<strong>conf\u00e9rence pl\u00e9ni\u00e8re<\/strong>&nbsp;est donn\u00e9e par&nbsp;<a href=\"https:\/\/steinhardt.nyu.edu\/people\/paula-chakravartty\">Paula Chakravartty<\/a>,&nbsp;<\/p>\n\n\n\n<p id=\"block-b172a4ab-7296-43da-978d-429ab16d4814\">Au plaisir de vous voir nombreux et nombreuses au colloque !\u00a0\u00a0<\/p>\n\n\n\n<p>\/\/<\/p>\n\n\n\n<h2 class=\"wp-block-heading\">Call For Papers<\/h2>\n\n\n\n<p>Call for papers. The Canadian Communication Association is pleased to invite proposals for participation in its 2023 Annual Conference, to be held from May 30th to June 2nd, 2023 as part of the Congress of the Canadian Federation for the Humanities and Social Sciences (CFHSS). We call for papers that explore and extend this year\u2019s Congress theme \u2014 Reckonings &amp; Re- Imaginings \u2014 and\/or contribute to communications, media-culture and digital technology scholarship in Canada, and internationally. Click on the Call for Papers below. <\/p>\n\n\n\n<p><\/p>\n\n\n\n<ul>\n<li><strong>Deadline: December 1, 2022, EXTENDED to December 15, 2022<\/strong><\/li>\n\n\n\n<li><strong>Submit your proposal at&nbsp;<\/strong><a href=\"https:\/\/www.openconf.org\/cca2023\/\">https:\/\/www.openconf.org\/cca2023\/<\/a> <\/li>\n<\/ul>\n\n\n\n<p>Nous sommes heureux et heureuses d\u2019inviter les propositions de communications pour le prochain colloque annuel de l\u2019Association canadienne de communication, qui se tiendra du 30 mai au 2 juin 2023 dans le cadre du Congr\u00e8s des sciences humaines de la F\u00e9d\u00e9ration canadienne des sciences humaines et sociales (FCSH). Le th\u00e8me du congr\u00e8s cette ann\u00e9e est \u00ab&nbsp;<strong><em>Confronter le pass\u00e9, r\u00e9imaginer l\u2019avenir&nbsp;<\/em><\/strong>\u00bb et se tiendra en personne sur le campus de l\u2019Universit\u00e9 York \u00e0 Toronto. Nous invitons des communications qui explorent et approfondissent ce th\u00e8me et\/ou qui contribuent \u00e0 la recherche dans le domaine de la communication au Canada et \u00e0 l\u2019international. Vous pouvez acc\u00e9der \u00e0 l&#8217;Appel \u00e0 contributions ci-bas en t\u00e9l\u00e9chargeant le PDF.   <\/p>\n\n\n\n<ul>\n<li><strong>Date limite: 1er d\u00e9cembre, 2022<\/strong> avec une prolongation au 15 d\u00e9cembre 2022 <\/li>\n\n\n\n<li><strong>Afin de soumettre un r\u00e9sum\u00e9.: &nbsp;<\/strong><a href=\"https:\/\/www.openconf.org\/cca2023\/\">https:\/\/www.openconf.org\/cca2023\/<\/a><\/li>\n<\/ul>\n\n\n\n<div class=\"wp-block-file\"><object class=\"wp-block-file__embed\" data=\"http:\/\/acc-cca.ca\/wp-content\/uploads\/2022\/10\/CCA23_CFP_EN_Final.pdf\" type=\"application\/pdf\" style=\"width:100%;height:600px\" aria-label=\"Embed of CCA23_CFP_EN_Final.\"><\/object><a id=\"wp-block-file--media-8686269a-5c05-48b7-839c-eb630b2cfcf7\" href=\"http:\/\/acc-cca.ca\/wp-content\/uploads\/2022\/10\/CCA23_CFP_EN_Final.pdf\">CCA23_CFP_EN_Final<\/a><a href=\"http:\/\/acc-cca.ca\/wp-content\/uploads\/2022\/10\/CCA23_CFP_EN_Final.pdf\" class=\"wp-block-file__button wp-element-button\" download aria-describedby=\"wp-block-file--media-8686269a-5c05-48b7-839c-eb630b2cfcf7\">Download<\/a><\/div>\n\n\n\n<p><\/p>\n\n\n\n<div class=\"wp-block-file\"><object class=\"wp-block-file__embed\" data=\"http:\/\/acc-cca.ca\/wp-content\/uploads\/2022\/10\/ACC23_CFP_FR.pdf\" type=\"application\/pdf\" style=\"width:100%;height:600px\" aria-label=\"Embed of ACC23_CFP_FR.\"><\/object><a id=\"wp-block-file--media-fcd5e58f-6bae-4267-ae52-873d7b7e8008\" href=\"http:\/\/acc-cca.ca\/wp-content\/uploads\/2022\/10\/ACC23_CFP_FR.pdf\">ACC23_CFP_FR<\/a><a href=\"http:\/\/acc-cca.ca\/wp-content\/uploads\/2022\/10\/ACC23_CFP_FR.pdf\" class=\"wp-block-file__button wp-element-button\" download aria-describedby=\"wp-block-file--media-fcd5e58f-6bae-4267-ae52-873d7b7e8008\">Download<\/a><\/div>\n\n\n\n<p><br><\/p>\n","protected":false},"excerpt":{"rendered":"<p>Conference Roundup Dear CCA members, We wish to thank everyone for their participation to CCA23 at York University last week. It was our first in-person conference since 2019, providing an opportunity for many to reconnect. We were thrilled to witness everyone\u2019s enthusiasm in sharing their work at CCA. As is the tradition, here is a &hellip; <a href=\"https:\/\/acc-cca.ca\/index.php\/conference\/previous-conference-keynotes-programs\/2023-conference\/\" class=\"more-link\">Continue reading <span class=\"screen-reader-text\">CCA 2023 \/\/ May 30\u2013June 2 \/\/ York University<\/span> <span class=\"meta-nav\">&rarr;<\/span><\/a><\/p>\n","protected":false},"author":1,"featured_media":0,"parent":728,"menu_order":0,"comment_status":"closed","ping_status":"closed","template":"","meta":{"ub_ctt_via":""},"featured_image_src":null,"_links":{"self":[{"href":"https:\/\/acc-cca.ca\/index.php\/wp-json\/wp\/v2\/pages\/441"}],"collection":[{"href":"https:\/\/acc-cca.ca\/index.php\/wp-json\/wp\/v2\/pages"}],"about":[{"href":"https:\/\/acc-cca.ca\/index.php\/wp-json\/wp\/v2\/types\/page"}],"author":[{"embeddable":true,"href":"https:\/\/acc-cca.ca\/index.php\/wp-json\/wp\/v2\/users\/1"}],"replies":[{"embeddable":true,"href":"https:\/\/acc-cca.ca\/index.php\/wp-json\/wp\/v2\/comments?post=441"}],"version-history":[{"count":71,"href":"https:\/\/acc-cca.ca\/index.php\/wp-json\/wp\/v2\/pages\/441\/revisions"}],"predecessor-version":[{"id":1384,"href":"https:\/\/acc-cca.ca\/index.php\/wp-json\/wp\/v2\/pages\/441\/revisions\/1384"}],"up":[{"embeddable":true,"href":"https:\/\/acc-cca.ca\/index.php\/wp-json\/wp\/v2\/pages\/728"}],"wp:attachment":[{"href":"https:\/\/acc-cca.ca\/index.php\/wp-json\/wp\/v2\/media?parent=441"}],"curies":[{"name":"wp","href":"https:\/\/api.w.org\/{rel}","templated":true}]}}