{"id":788,"date":"2021-10-24T21:13:49","date_gmt":"2021-10-24T21:13:49","guid":{"rendered":"https:\/\/acc-cca.ca\/?page_id=788"},"modified":"2025-09-10T15:35:17","modified_gmt":"2025-09-10T15:35:17","slug":"research-topic-areas","status":"publish","type":"page","link":"https:\/\/acc-cca.ca\/index.php\/research-topic-areas\/","title":{"rendered":"Research Topic Areas \/ Th\u00e8mes de recherche"},"content":{"rendered":"\n<div class=\"wp-block-columns are-vertically-aligned-top is-layout-flex wp-container-3\">\n<div class=\"wp-block-column is-vertically-aligned-top is-layout-flow\" style=\"flex-basis:100%\">\n<div class=\"wp-block-group is-layout-flow\"><div class=\"wp-block-group__inner-container\">\n<p class=\"has-text-align-left\"><strong>Age, ageism and technology &#8211; <\/strong>\u00c2ge, \u00e2gisme et technologie<\/p>\n\n\n\n<p class=\"has-text-align-left\"><strong>Audience studies and media ethnographies &#8211; <\/strong>\u00c9tudes d&#8217;audience et ethnographies des m\u00e9dias<\/p>\n\n\n\n<p class=\"has-text-align-left\"><strong>Black communication and media studies &#8211; <\/strong>Black communication and media studies<\/p>\n\n\n\n<p><strong>Climate Communicatio<\/strong>n <strong>&#8211;<\/strong> Communication sur le climat<\/p>\n\n\n\n<p class=\"has-text-align-left\"><strong>Communications, community and creativity &#8211; <\/strong>Communication, communaut\u00e9 et cr\u00e9ativit\u00e9<\/p>\n\n\n\n<p class=\"has-text-align-left\"><strong>Communication ethics &#8211; <\/strong>\u00c9thique de la communication<\/p>\n\n\n\n<p class=\"has-text-align-left\"><strong>Communication and media theory &#8211; <\/strong>Th\u00e9orie de la communication et des m\u00e9dias<\/p>\n\n\n\n<p class=\"has-text-align-left\"><strong>Creative, ICT and cultural industries &#8211; <\/strong>Industries de la cr\u00e9ation, des TIC et de la culture<\/p>\n\n\n\n<p class=\"has-text-align-left\"><strong>Development communication &#8211; <\/strong>Communication pour le d\u00e9veloppement<\/p>\n\n\n\n<p class=\"has-text-align-left\"><strong>Empire, colonialism and communication &#8211; <\/strong>Empire, colonialisme et communication<\/p>\n\n\n\n<p class=\"has-text-align-left\"><strong>Environmental and energy communication &#8211; <\/strong>Communication sur l&#8217;environnement et l&#8217;\u00e9nergie<\/p>\n\n\n\n<p class=\"has-text-align-left\"><strong>Food communication &#8211; <\/strong>Communication alimentaire<\/p>\n\n\n\n<p class=\"has-text-align-left\"><strong>Games studies &#8211; <\/strong>\u00c9tudes des jeux<\/p>\n\n\n\n<p class=\"has-text-align-left\"><strong>Global media and international communication &#8211; <\/strong>M\u00e9dias mondiaux et communication internationale<\/p>\n\n\n\n<p class=\"has-text-align-left\"><strong>Health communication &#8211; <\/strong>communication sur la sant\u00e9<\/p>\n\n\n\n<p class=\"has-text-align-left\"><strong>ICTs, big data and society &#8211; <\/strong>TIC, big data et soci\u00e9t\u00e9<\/p>\n\n\n\n<p class=\"has-text-align-left\"><strong>Indigenous media studies &#8211;<\/strong>\u00e9tudes des m\u00e9dias autochtones<\/p>\n\n\n\n<p class=\"has-text-align-left\"><strong> Intercultural communication &#8211; <\/strong>communication interculturelle<\/p>\n\n\n\n<p class=\"has-text-align-left\"><strong>Journalism and news &#8211; <\/strong>Journalisme et actualit\u00e9s<\/p>\n\n\n\n<p class=\"has-text-align-left\"><strong>LGBTQ communications and queer theory and media studies &#8211; <\/strong> Communication LGBTQ et th\u00e9orie queer et \u00e9tudes des m\u00e9dias<\/p>\n\n\n\n<p class=\"has-text-align-left\"><strong>Non-verbal communication &#8211; <\/strong>communication non verbale<\/p>\n\n\n\n<p class=\"has-text-align-left\"><strong>Media materialities and infrastructure studies &#8211; <\/strong>mat\u00e9rialit\u00e9s m\u00e9diatiques et \u00e9tudes des infrastructures<\/p>\n\n\n\n<p class=\"has-text-align-left\"><strong>Media activism and social movements &#8211; <\/strong>Activisme m\u00e9diatique et mouvements sociaux<\/p>\n\n\n\n<p class=\"has-text-align-left\"><strong>Media ecology &#8211; <\/strong>\u00c9cologie des m\u00e9dias<\/p>\n\n\n\n<p class=\"has-text-align-left\"><strong>Media philosophy &#8211; <\/strong>Philosophie des m\u00e9dias<\/p>\n\n\n\n<p class=\"has-text-align-left\"><strong>Media arts &#8211; <\/strong>Arts m\u00e9diatiques<\/p>\n\n\n\n<p class=\"has-text-align-left\"><strong>Media and communication history &#8211; <\/strong>Histoire des m\u00e9dias et de la communication<\/p>\n\n\n\n<p class=\"has-text-align-left\"><strong>Media, cultural and ICT policy, law and regulation &#8211; <\/strong>Politique, droit et r\u00e9glementation en mati\u00e8re de m\u00e9dias, de culture et de TIC<\/p>\n\n\n\n<p class=\"has-text-align-left\"><strong>Organizational Communication &#8211; <\/strong>Communication organisationnelle<\/p>\n\n\n\n<p class=\"has-text-align-left\"><strong>Political communications &#8211; <\/strong>Communication politique<\/p>\n\n\n\n<p class=\"has-text-align-left\"><strong>Political economy of communications &#8211; <\/strong>\u00c9conomie politique des communications<\/p>\n\n\n\n<p class=\"has-text-align-left\"><strong>Popular Culture &#8211; <\/strong>Culture populaire<\/p>\n\n\n\n<p class=\"has-text-align-left\"><strong>Professional communications &#8211; <\/strong>Communications professionnelles<\/p>\n\n\n\n<p class=\"has-text-align-left\"><strong>Public relations, marketing and advertising &#8211; <\/strong>Relations publiques, marketing et publicit\u00e9<\/p>\n\n\n\n<p class=\"has-text-align-left\"><strong>Race, ethnicity and media &#8211; <\/strong>Race, ethnicit\u00e9 et m\u00e9dias<\/p>\n\n\n\n<p class=\"has-text-align-left\"><strong>Research-creation and media practices &#8211;<\/strong>Recherche-cr\u00e9ation et pratiques m\u00e9diatiques<\/p>\n\n\n\n<p class=\"has-text-align-left\"><strong> Representation, identity and culture &#8211;<\/strong>Repr\u00e9sentation, identit\u00e9 et culture<\/p>\n\n\n\n<p class=\"has-text-align-left\"><strong> Rhetoric &#8211; <\/strong>Rh\u00e9torique<\/p>\n\n\n\n<p class=\"has-text-align-left\"><strong>Sexuality, gender and media &#8211; <\/strong>Sexualit\u00e9, genre et m\u00e9dias<\/p>\n\n\n\n<p class=\"has-text-align-left\"><strong>Social media and society &#8211; <\/strong>M\u00e9dias sociaux et soci\u00e9t\u00e9<\/p>\n\n\n\n<p class=\"has-text-align-left\"><strong>Telecommunications &#8211; <\/strong>T\u00e9l\u00e9communications<\/p>\n\n\n\n<p class=\"has-text-align-left\"><strong>Visual communication &#8211; <\/strong>Communication visuelle<\/p>\n\n\n\n<p class=\"has-text-align-left\"><strong>Work, labour and class in communication &#8211; <\/strong>Travail, emploi et classe dans la communication<\/p>\n\n\n\n<p class=\"has-text-align-left\">Y<strong>outh, children and media-culture<\/strong> &#8211;  Jeunesse, enfants et culture des m\u00e9dias<\/p>\n<\/div><\/div>\n<\/div>\n<\/div>\n","protected":false},"excerpt":{"rendered":"<p>Age, ageism and technology &#8211; \u00c2ge, \u00e2gisme et technologie Audience studies and media ethnographies &#8211; \u00c9tudes d&#8217;audience et ethnographies des m\u00e9dias Black communication and media studies &#8211; Black communication and media studies Climate Communication &#8211; Communication sur le climat Communications, community and creativity &#8211; Communication, communaut\u00e9 et cr\u00e9ativit\u00e9 Communication ethics &#8211; \u00c9thique de la communication &hellip; <a href=\"https:\/\/acc-cca.ca\/index.php\/research-topic-areas\/\" class=\"more-link\">Continue reading <span class=\"screen-reader-text\">Research Topic Areas \/ Th\u00e8mes de recherche<\/span> <span class=\"meta-nav\">&rarr;<\/span><\/a><\/p>\n","protected":false},"author":1,"featured_media":0,"parent":0,"menu_order":0,"comment_status":"closed","ping_status":"closed","template":"","meta":{"ub_ctt_via":""},"featured_image_src":null,"_links":{"self":[{"href":"https:\/\/acc-cca.ca\/index.php\/wp-json\/wp\/v2\/pages\/788"}],"collection":[{"href":"https:\/\/acc-cca.ca\/index.php\/wp-json\/wp\/v2\/pages"}],"about":[{"href":"https:\/\/acc-cca.ca\/index.php\/wp-json\/wp\/v2\/types\/page"}],"author":[{"embeddable":true,"href":"https:\/\/acc-cca.ca\/index.php\/wp-json\/wp\/v2\/users\/1"}],"replies":[{"embeddable":true,"href":"https:\/\/acc-cca.ca\/index.php\/wp-json\/wp\/v2\/comments?post=788"}],"version-history":[{"count":17,"href":"https:\/\/acc-cca.ca\/index.php\/wp-json\/wp\/v2\/pages\/788\/revisions"}],"predecessor-version":[{"id":1592,"href":"https:\/\/acc-cca.ca\/index.php\/wp-json\/wp\/v2\/pages\/788\/revisions\/1592"}],"wp:attachment":[{"href":"https:\/\/acc-cca.ca\/index.php\/wp-json\/wp\/v2\/media?parent=788"}],"curies":[{"name":"wp","href":"https:\/\/api.w.org\/{rel}","templated":true}]}}