{"id":9,"date":"2018-07-18T19:34:18","date_gmt":"2018-07-18T19:34:18","guid":{"rendered":"http:\/\/acc-cca.ca\/?page_id=9"},"modified":"2026-04-07T22:42:55","modified_gmt":"2026-04-07T22:42:55","slug":"listserv-liste","status":"publish","type":"page","link":"https:\/\/acc-cca.ca\/index.php\/listserv-liste\/","title":{"rendered":"Listserv \u2022 liste d\u2019envoi"},"content":{"rendered":"\n\n\n<div class=\"wp-block-columns is-layout-flex wp-container-3\">\n<div class=\"wp-block-column is-layout-flow\"><\/div>\n\n\n\n<div class=\"wp-block-column is-layout-flow\"><\/div>\n<\/div>\n\n\n\n<p class=\"has-text-align-center has-large-font-size\"><strong>CCA mailing list (listserv) FAQ&nbsp;<\/strong><\/p>\n\n\n\n<p><strong>What is this list for?<\/strong><\/p>\n\n\n\n<p>This list is intended as a platform for scholars, graduate students and professionals working in the interdisciplinary field of Communication Studies in Canada to share about their academic, research, research-creation, teaching and professional activities. Postings from subscribers related to communication and media studies conferences, public and academic events, vacancies, academic programs, pedagogical workshops and questions, job opportunities, calls for contributions and calls for papers, recent publications or any other discussions relevant to the Canadian communication studies community are welcome. It is also the platform through which the members of the CCA Board of Directors communicate with its members, including our annual Call for Papers, information about the association\u2019s prizes and release of the annual conference program and any other business related to the CCA.<\/p>\n\n\n\n<p><\/p>\n\n\n\n<p><strong>How do I subscribe or unsubscribe to the list?<\/strong><\/p>\n\n\n\n<p>The Canadian Communication Association listserv (acc-cca-L) is currently hosted by the University of Calgary and is using a software called Mailman. Subscription to the list is open and free to anyone and is not limited to active (paid) CCA members. Each new subscription to the list has to be approved by the Secretary of the Association (this helps screen out spammers and advertisements). You may subscribe, unsubscribe, and manage your list preferences here:&nbsp;<a href=\"https:\/\/mailman.ucalgary.ca\/mailman\/listinfo\/acc-cca-l\">https:\/\/mailman.ucalgary.ca\/mailman\/listinfo\/acc-cca-l<\/a><\/p>\n\n\n\n<p><\/p>\n\n\n\n<p><strong>Is this a moderated list?<\/strong><\/p>\n\n\n\n<p>Yes. <\/p>\n\n\n\n<p>Please bear in mind that, as with any other mailing list, the acc-cca-L list is a semi-public forum. Anything you post to the list can be read by everyone subscribed to the list\u2014and potentially beyond. Messages sent to the list can easily be reproduced and circulated beyond their originally intended audience, and neither the CCA nor the University of Calgary is responsible for consequences arising from list messages being redistributed in such a fashion.<\/p>\n\n\n\n<p><\/p>\n\n\n\n<p><strong>Are there any content restrictions on posts to the list?<\/strong><\/p>\n\n\n\n<p>While there are no formal restraints to post, we do not welcome:&nbsp;<\/p>\n\n\n\n<ul>\n<li>commercially-oriented posts and spamming<\/li>\n\n\n\n<li>personal attacks, abusive behavior and gratuitous insults directed towards other list members<\/li>\n\n\n\n<li>content that demeans, incites hatred against or is designed to deliberately offend or gratuitously provoke identifiable social groups<\/li>\n<\/ul>\n\n\n\n<p><\/p>\n\n\n\n<p><strong>How do I post a message to the list ?&nbsp;<\/strong><\/p>\n\n\n\n<p>Only subscribers are allowed to post messages to the acc-cca-L list, and any such posts must come from the exact address that is on record for your subscription. Posts can be made in French or English. Once you are subscribed, you may send a message to the list by addressing it to: <a>acc-cca-l@mailman.ucalgary.ca<\/a>&nbsp;<\/p>\n\n\n\n<p><\/p>\n\n\n\n<p><strong>Can I send file attachments to the list?<\/strong><\/p>\n\n\n\n<p>Yes, but ideally, please try to host all attachments (PDFs, JPEGs, etc.) on your website to avoid clogging everyone\u2019s email account.&nbsp;<\/p>\n\n\n\n<p><\/p>\n\n\n\n<p><strong>What happens once I send my post?<\/strong><\/p>\n\n\n\n<p>You will receive a message (in English only) confirming that the post was successful and your message will be distributed, with your email address as sender, to every subscriber to the list.\u00a0<\/p>\n\n\n\n<p>Please be patient. It can take up to one week for your email to be distributed to the list. <\/p>\n\n\n\n<p><\/p>\n\n\n\n<p><strong>I sent a message to the list hours ago: why haven&#8217;t I received the confirmation email?<\/strong><\/p>\n\n\n\n<p>In all likelihood, you sent your message from an email address that isn&#8217;t subscribed to the list or you&#8217;ve inadvertently sent your post to the wrong email address. When and if you doubt, please do not resend to the list, email us at <a>acc.cca.ca@gmail.com<\/a> so that we can confirm whether your post was successful or not.&nbsp;<\/p>\n\n\n\n<p><\/p>\n\n\n\n<p><strong>I&#8217;m having problems posting to the list. Can I get the list manager to post something to the list for me?<\/strong><\/p>\n\n\n\n<p>As a general rule, no. If you&#8217;re not a list member and want to send something to the list, you should subscribe and post your message yourself. If you are subscribed to the list, you should sort out whatever difficulties you may be having in sending messages to the list and post your message yourself.<\/p>\n\n\n\n<p><\/p>\n\n\n\n<p><strong>How do I reply to (or get in touch with) the sender of a message to the list ?&nbsp;<\/strong><\/p>\n\n\n\n<p>The list is set so that using \u2018reply\u2019 will send your message to the initial poster only. Using \u2018reply-all\u2019 will include the entire list in cc. Please use \u2018reply all\u2019 carefully and only when appropriate. We ask that you take one to one conversations to a more appropriate forum, such as one to one email.\u00a0<\/p>\n\n\n\n<p><\/p>\n\n\n\n<p><strong>I have a new email address. How do I update it?<\/strong><\/p>\n\n\n\n<p>You may unsubscribe the email address you wish to remove and re-subscribe using your new email address.<\/p>\n\n\n\n<p><\/p>\n\n\n\n<p><strong>Any questions ?&nbsp;<\/strong><\/p>\n\n\n\n<p>Please get in touch with&nbsp; us at <a>acc.cca.ca@gmail.com<\/a>&nbsp;<\/p>\n\n\n\n<p><\/p>\n\n\n\n<p class=\"has-text-align-center has-large-font-size\"><strong>Foire aux questions de la liste de diffusion de l&#8217;ACC&nbsp;<\/strong><\/p>\n\n\n\n<p><strong>\u00c0 quoi sert cette liste ?<\/strong><\/p>\n\n\n\n<p>Cette liste est une plateforme permettant aux universitaires, aux \u00e9tudiant.e.s et aux professionnel.les oeuvrant dans le domaine interdisciplinaire des \u00e9tudes en communication au Canada de partager des informations sur leurs activit\u00e9s universitaires, de recherche, de recherche-cr\u00e9ation, d&#8217;enseignement et activit\u00e9s professionnelles. Les messages portant sur des conf\u00e9rences, des \u00e9v\u00e9nements publics et universitaires, des offres d\u2019emploi, des programmes universitaires, des ateliers et des questions p\u00e9dagogiques, aux appels \u00e0 contributions, aux publications r\u00e9centes et tout autre discussion pertinente pour la communaut\u00e9 canadienne des \u00e9tudes en communication sont les bienvenus. Cette liste est \u00e9galement la plateforme par laquelle les membres du conseil d&#8217;administration de l\u2019ACC communiquent avec ses membres, y compris pour faire circuler notre appel \u00e0 communications, les informations sur les prix de l&#8217;association et la publication du programme du colloque annuel ou toute autre information importante pour l\u2019ACC.<\/p>\n\n\n\n<p><strong>Comment puis-je m&#8217;abonner ou me d\u00e9sabonner \u00e0 la liste ?<\/strong><\/p>\n\n\n\n<p>La liste de diffusion de l&#8217;Association canadienne de communication (acc-cca-L) est actuellement h\u00e9berg\u00e9e par l&#8217;Universit\u00e9 de Calgary et utilise un logiciel appel\u00e9 Mailman. L&#8217;abonnement \u00e0 la liste est ouvert et gratuit et n&#8217;est pas limit\u00e9 aux membres ayant pay\u00e9 leur cotisation \u00e0 l\u2019&#8217;ACC. Chaque nouvel abonnement \u00e0 la liste doit \u00eatre approuv\u00e9 par le ou la secr\u00e9taire de l\u2019ACC (cette politique permet d&#8217;\u00e9liminer les spammeurs et les publicit\u00e9s). Vous pouvez vous abonner, vous d\u00e9sabonner et g\u00e9rer vos pr\u00e9f\u00e9rences de liste ici :&nbsp;<\/p>\n\n\n\n<p><a href=\"https:\/\/mailman.ucalgary.ca\/mailman\/listinfo\/acc-cca-l\">https:\/\/mailman.ucalgary.ca\/mailman\/listinfo\/acc-cca-l<\/a><\/p>\n\n\n\n<p><strong>S&#8217;agit-il d&#8217;une liste mod\u00e9r\u00e9e ?<\/strong><\/p>\n\n\n\n<p>Oui. <\/p>\n\n\n\n<p>Gardez \u00e0 l&#8217;esprit que, comme toute autre liste de diffusion, la liste acc-cca-L est un forum semi-public. Tout ce que vous publiez sur la liste peut \u00eatre lu par toutes les personnes abonn\u00e9es \u00e0 la liste et potentiellement au-del\u00e0. Les messages envoy\u00e9s \u00e0 la liste peuvent facilement \u00eatre reproduits et circuler au dehors de la liste, et ni l\u2019ACC ni l&#8217;Universit\u00e9 de Calgary ne sont responsables des cons\u00e9quences d\u00e9coulant de la redistribution des messages de la liste de cette mani\u00e8re.<\/p>\n\n\n\n<p><strong>Y a-t-il des restrictions de contenu pour les messages de la liste ?<\/strong><\/p>\n\n\n\n<p>Bien qu&#8217;il n&#8217;y ait pas de restrictions formelles pour publier sur la liste, nous n&#8217;acceptons pas :&nbsp;<\/p>\n\n\n\n<ul>\n<li>les messages \u00e0 caract\u00e8re commercial et le spamming<\/li>\n\n\n\n<li>les attaques personnelles, les comportements abusifs et les insultes gratuites envers d&#8217;autres membres de la liste<\/li>\n\n\n\n<li>les contenus d\u00e9gradants, incitant \u00e0 la haine ou con\u00e7us pour offenser d\u00e9lib\u00e9r\u00e9ment ou provoquer des groupes sociaux identifiables.<\/li>\n<\/ul>\n\n\n\n<p><strong>Comment puis-je envoyer un message \u00e0 la liste ?&nbsp;<\/strong><\/p>\n\n\n\n<p>Seul.e.s les abonn\u00e9.e.s sont autoris\u00e9.e.s \u00e0 envoyer des messages sur la liste acc-cca-L, et ces messages doivent provenir de l&#8217;adresse de courriel exacte associ\u00e9e \u00e0 votre abonnement.&nbsp; Les messages peuvent \u00eatre envoy\u00e9s en fran\u00e7ais ou en anglais. Une fois que vous \u00eates abonn\u00e9.e, vous pouvez envoyer un message \u00e0 la liste \u00e0 : <a>acc-cca-l@mailman.ucalgary.ca<\/a>&nbsp;&nbsp;<\/p>\n\n\n\n<p><strong>Que se passe-t-il une fois que j&#8217;ai envoy\u00e9 mon message ?<\/strong><\/p>\n\n\n\n<p>Vous recevrez un message (an anglais seulement) confirmant que l&#8217;envoi a r\u00e9ussi et votre message sera distribu\u00e9, avec votre adresse \u00e9lectronique comme exp\u00e9diteur, \u00e0 toute la liste.<\/p>\n\n\n\n<p>Veuillez patienter. Il faut parfois jusqu&#8217;\u00e0 une semaine pour envoyer votre message. <\/p>\n\n\n\n<p><strong>Puis-je ajouter des pi\u00e8ces jointes \u00e0 mon message ?<\/strong><\/p>\n\n\n\n<p>Oui, mais id\u00e9alement, essayez d&#8217;h\u00e9berger les pi\u00e8ces jointes (PDF, JPEG, etc.) sur votre site Web afin d&#8217;\u00e9viter d&#8217;encombrer les comptes de messagerie.&nbsp;<\/p>\n\n\n\n<p><strong>J&#8217;ai envoy\u00e9 un message \u00e0 la liste il y a plusieurs heures : pourquoi n&#8217;ai-je pas re\u00e7u le courriel de confirmation ?<\/strong><\/p>\n\n\n\n<p>Selon toute vraisemblance, vous avez envoy\u00e9 votre message \u00e0 partir d&#8217;une adresse \u00e9lectronique qui n&#8217;est pas inscrite sur la liste ou vous avez envoy\u00e9 votre message par inadvertance \u00e0 une mauvaise adresse \u00e9lectronique. En cas de doute, ne renvoyez pas votre message \u00e0 la liste, envoyez-nous un courriel \u00e0 l&#8217;adresse acc.cca.ca@gmail.com afin que nous puissions confirmer si votre message a bien \u00e9t\u00e9 envoy\u00e9 ou non.&nbsp;<\/p>\n\n\n\n<p><strong>Je rencontre des probl\u00e8mes \u00e0 envoyer un message \u00e0 la liste. Puis-je demander aux administrateurs de la liste de transf\u00e9rer le message&nbsp; ?<\/strong><\/p>\n\n\n\n<p>En r\u00e8gle g\u00e9n\u00e9rale, non. Si vous n&#8217;\u00eates pas membre de la liste et que vous souhaitez envoyer un message \u00e0 la liste, vous devez vous abonner et publier votre message vous-m\u00eame. Si vous \u00eates abonn\u00e9.e. \u00e0 la liste, nous vous demandons de r\u00e9soudre les difficult\u00e9s que vous rencontrez pour envoyer des messages \u00e0 la liste.<\/p>\n\n\n\n<p><strong>Comment r\u00e9pondre \u00e0 (ou entrer en contact avec) l&#8217;exp\u00e9diteur d&#8217;un message sur la liste ?&nbsp;<\/strong><\/p>\n\n\n\n<p>La liste est configur\u00e9e de mani\u00e8re \u00e0 ce que l&#8217;utilisation de l\u2019option &#8220;r\u00e9pondre&#8221; n&#8217;envoie votre message qu&#8217;\u00e0 l&#8217;exp\u00e9diteur initial. L&#8217;utilisation de &#8216;r\u00e9pondre \u00e0 tous&#8217; inclura la liste en cc. Merci d\u2019utiliser &#8220;r\u00e9pondre \u00e0 tous&#8221; uniquement lorsque cela est appropri\u00e9. Nous vous demandons d&#8217;utiliser les conversations priv\u00e9es dans un forum plus appropri\u00e9, tel que le courriel individuel.&nbsp;<\/p>\n\n\n\n<p><strong>J&#8217;ai une nouvelle adresse \u00e9lectronique, comment puis-je la mettre \u00e0 jour ?<\/strong><\/p>\n\n\n\n<p>Vous pouvez d\u00e9sinscrire l&#8217;adresse \u00e9lectronique que vous souhaitez supprimer et vous r\u00e9inscrire en utilisant votre nouvelle adresse \u00e9lectronique.<\/p>\n\n\n\n<p><strong>Des questions ?&nbsp;<\/strong><\/p>\n\n\n\n<p>\u00c9crivez-nous \u00e0 <a>acc.cca.ca@gmail.com<\/a>&nbsp;<\/p>\n\n\n\n<p><em>These Guidelines have been written and approved by the Board of Directors of CCA in November 2022.&nbsp; Mis \u00e0 jour et approuv\u00e9 par le Conseil d&#8217;administration de l\u2019ACC en novembre 2022.&nbsp; The CCA extends its gratitude to Gil B. Rodman with the Cultural Studies listserv for letting us borrow some of the wording from their own guidelines.&nbsp;<\/em><\/p>\n\n\n<div class=\"ub-expand \" id=\"ub-expand-7e67f98e-d202-443b-9c75-54b85368f378\">\n<div class=\"ub-expand-portion ub-expand-partial\">\n\n<p><\/p>\n\n<a class=\"ub-expand-toggle-button\" role=\"button\" aria-expanded=\"false\" aria-controls=\"ub-expand-full-7e67f98e-d202-443b-9c75-54b85368f378\" tabindex=\"0\"> <\/a><\/div>\n\n<div class=\"ub-expand-portion ub-expand-full ub-hide\"><a class=\"ub-expand-toggle-button\" role=\"button\" aria-expanded=\"false\" aria-controls=\"ub-expand-full-7e67f98e-d202-443b-9c75-54b85368f378\" tabindex=\"0\"><\/a><\/div>\n<\/div>","protected":false},"excerpt":{"rendered":"<p>CCA mailing list (listserv) FAQ&nbsp; What is this list for? This list is intended as a platform for scholars, graduate students and professionals working in the interdisciplinary field of Communication Studies in Canada to share about their academic, research, research-creation, teaching and professional activities. Postings from subscribers related to communication and media studies conferences, public &hellip; <a href=\"https:\/\/acc-cca.ca\/index.php\/listserv-liste\/\" class=\"more-link\">Continue reading <span class=\"screen-reader-text\">Listserv \u2022 liste d\u2019envoi<\/span> <span class=\"meta-nav\">&rarr;<\/span><\/a><\/p>\n","protected":false},"author":1,"featured_media":0,"parent":0,"menu_order":0,"comment_status":"closed","ping_status":"closed","template":"","meta":{"ub_ctt_via":""},"featured_image_src":null,"_links":{"self":[{"href":"https:\/\/acc-cca.ca\/index.php\/wp-json\/wp\/v2\/pages\/9"}],"collection":[{"href":"https:\/\/acc-cca.ca\/index.php\/wp-json\/wp\/v2\/pages"}],"about":[{"href":"https:\/\/acc-cca.ca\/index.php\/wp-json\/wp\/v2\/types\/page"}],"author":[{"embeddable":true,"href":"https:\/\/acc-cca.ca\/index.php\/wp-json\/wp\/v2\/users\/1"}],"replies":[{"embeddable":true,"href":"https:\/\/acc-cca.ca\/index.php\/wp-json\/wp\/v2\/comments?post=9"}],"version-history":[{"count":28,"href":"https:\/\/acc-cca.ca\/index.php\/wp-json\/wp\/v2\/pages\/9\/revisions"}],"predecessor-version":[{"id":1757,"href":"https:\/\/acc-cca.ca\/index.php\/wp-json\/wp\/v2\/pages\/9\/revisions\/1757"}],"wp:attachment":[{"href":"https:\/\/acc-cca.ca\/index.php\/wp-json\/wp\/v2\/media?parent=9"}],"curies":[{"name":"wp","href":"https:\/\/api.w.org\/{rel}","templated":true}]}}